{"id":17,"date":"2021-10-07T20:44:22","date_gmt":"2021-10-07T18:44:22","guid":{"rendered":"https:\/\/auditiso.de\/?page_id=17"},"modified":"2022-05-26T16:34:22","modified_gmt":"2022-05-26T14:34:22","slug":"zertifikat","status":"publish","type":"page","link":"https:\/\/auditiso.de\/de\/zertifikat\/","title":{"rendered":"Projektmanagenent Zertifizierung nach ISO&nbsp;21500"},"content":{"rendered":"\n<p><strong>Zertifizierung von Projektmanagement Kompetenzen nach ISO&nbsp;21500<\/strong><\/p>\n\n\n\n<p>Unternehmen k\u00f6nnen Ihr Projektmanagement System an ISO 21500 ausrichten, auditieren und zertifizieren lassen. Die Basis hierzu ist ein Projektmanagement, dass den Leitlinien der ISO 21500 folgt. Die unternehmensspezifischen Regelungen hierzu sind in einem Projektmanagement Handbuch zu beschreiben. Projekte werden nach ISO 21500 und dem eigenen PM Handbuch durchgef\u00fchrt. Die F\u00fchrungskr\u00e4fte und Projektmitarbeiter sind entsprechend informiert bzw. geschult. Mehr dazu finden Sie hier \u2013&nbsp;<a data-type=\"URL\" data-id=\"\/pm-iso-zertifikat-fuer-unternehmen\" href=\"\/pm-iso-zertifikat-fuer-unternehmen\" target=\"_blank\" rel=\"noreferrer noopener\">bitte klicken<\/a>!<\/p>\n\n\n\n<p>F\u00fcr Einzelpersonen k\u00f6nnen Zertifikate von Industrie und Handelskammern (IHK) erworben werden. Dabei sind je nach IHK mindestens 50 oder mehr Unterrichtseinheiten mit Praxis \u00dcbungen bei einem akkreditierten Bildungsinstitut oder Seminar Anbieter abzuleisten.<\/p>\n\n\n\n<p>Die IHK Rheinhessen fordert 50 Unterrichtseinheiten. Zur Zertifizierung ist eine Projektarbeit im Umfang von ca. 15 Seiten zu erstellen und eine Kurzpr\u00e4sentation hier\u00fcber vor einem IHK Vertreter zu halten.<\/p>\n\n\n\n<p>Anbieter von Projektmanagement Seminare nach ISO 21500 mit IHK Zertifizierung sind beispielsweise die project-inline GmbH und die TRAVISION GmbH. Mehr dazu finden Sie hier \u2013&nbsp;<a data-type=\"URL\" data-id=\"\/praxistraining-mit-ihk-zertifikat\" href=\"\/praxistraining-mit-ihk-zertifikat\" target=\"_blank\" rel=\"noreferrer noopener\">bitte klicken!<\/a><\/p>\n\n\n\n<p>Gerne helfen wir mit einer entsprechenden kostenfreien Beratung.<\/p>\n","protected":false},"excerpt":{"rendered":"<p>Zertifizierung von Projektmanagement Kompetenzen nach ISO&nbsp;21500 Unternehmen k\u00f6nnen Ihr Projektmanagement System an ISO 21500 ausrichten, auditieren und zertifizieren lassen. Die Basis hierzu ist ein Projektmanagement, dass den Leitlinien der ISO 21500 folgt. Die unternehmensspezifischen Regelungen hierzu sind in einem Projektmanagement Handbuch zu beschreiben. Projekte werden nach ISO 21500 und dem eigenen PM Handbuch durchgef\u00fchrt. Die&nbsp;[\u2026]<\/p>\n","protected":false},"author":1,"featured_media":400,"parent":0,"menu_order":0,"comment_status":"closed","ping_status":"closed","template":"","meta":{"wp_typography_post_enhancements_disabled":false,"footnotes":""},"class_list":["post-17","page","type-page","status-publish","has-post-thumbnail","hentry"],"yoast_head":"<!-- This site is optimized with the Yoast SEO plugin v26.5 - https:\/\/yoast.com\/wordpress\/plugins\/seo\/ -->\n<title>Projektmanagement Zertifizierung nach ISO 21500 f\u00fcr Unternehmen und Mitarbeiter<\/title>\n<meta name=\"description\" content=\"Wir zertifizieren Ihre Kompetenz im Projektmanagement nach den Leitlinien von ISO 21500 als Unternehmen oder Einzelperson.\" \/>\n<meta name=\"robots\" content=\"index, follow, max-snippet:-1, max-image-preview:large, max-video-preview:-1\" \/>\n<link rel=\"canonical\" href=\"https:\/\/auditiso.de\/de\/zertifikat\/\" \/>\n<meta property=\"og:locale\" content=\"de_DE\" \/>\n<meta property=\"og:type\" content=\"article\" \/>\n<meta property=\"og:title\" content=\"Projektmanagement Zertifizierung nach ISO 21500 f\u00fcr Unternehmen und Mitarbeiter\" \/>\n<meta property=\"og:description\" content=\"Wir zertifizieren Ihre Kompetenz im Projektmanagement nach den Leitlinien von ISO 21500 als Unternehmen oder Einzelperson.\" \/>\n<meta property=\"og:url\" content=\"https:\/\/auditiso.de\/de\/zertifikat\/\" \/>\n<meta property=\"og:site_name\" content=\"AUDITISO - Home of ISO21500\" \/>\n<meta property=\"article:modified_time\" content=\"2022-05-26T14:34:22+00:00\" \/>\n<meta property=\"og:image\" content=\"https:\/\/auditiso.de\/wp-content\/uploads\/2021\/10\/Download-_4_-1-scaled.jpg\" \/>\n\t<meta property=\"og:image:width\" content=\"1849\" \/>\n\t<meta property=\"og:image:height\" content=\"2560\" \/>\n\t<meta property=\"og:image:type\" content=\"image\/jpeg\" \/>\n<meta name=\"twitter:card\" content=\"summary_large_image\" \/>\n<meta name=\"twitter:label1\" content=\"Gesch\u00e4tzte Lesezeit\" \/>\n\t<meta name=\"twitter:data1\" content=\"1\u00a0Minute\" \/>\n<script type=\"application\/ld+json\" class=\"yoast-schema-graph\">{\"@context\":\"https:\/\/schema.org\",\"@graph\":[{\"@type\":\"WebPage\",\"@id\":\"https:\/\/auditiso.de\/de\/zertifikat\/\",\"url\":\"https:\/\/auditiso.de\/de\/zertifikat\/\",\"name\":\"Projektmanagement Zertifizierung nach ISO 21500 f\u00fcr Unternehmen und Mitarbeiter\",\"isPartOf\":{\"@id\":\"https:\/\/auditiso.de\/de\/#website\"},\"primaryImageOfPage\":{\"@id\":\"https:\/\/auditiso.de\/de\/zertifikat\/#primaryimage\"},\"image\":{\"@id\":\"https:\/\/auditiso.de\/de\/zertifikat\/#primaryimage\"},\"thumbnailUrl\":\"https:\/\/auditiso.de\/wp-content\/uploads\/2021\/10\/Download-_4_-1-scaled.jpg\",\"datePublished\":\"2021-10-07T18:44:22+00:00\",\"dateModified\":\"2022-05-26T14:34:22+00:00\",\"description\":\"Wir zertifizieren Ihre Kompetenz im Projektmanagement nach den Leitlinien von ISO 21500 als Unternehmen oder Einzelperson.\",\"breadcrumb\":{\"@id\":\"https:\/\/auditiso.de\/de\/zertifikat\/#breadcrumb\"},\"inLanguage\":\"de\",\"potentialAction\":[{\"@type\":\"ReadAction\",\"target\":[\"https:\/\/auditiso.de\/de\/zertifikat\/\"]}]},{\"@type\":\"ImageObject\",\"inLanguage\":\"de\",\"@id\":\"https:\/\/auditiso.de\/de\/zertifikat\/#primaryimage\",\"url\":\"https:\/\/auditiso.de\/wp-content\/uploads\/2021\/10\/Download-_4_-1-scaled.jpg\",\"contentUrl\":\"https:\/\/auditiso.de\/wp-content\/uploads\/2021\/10\/Download-_4_-1-scaled.jpg\",\"width\":1849,\"height\":2560},{\"@type\":\"BreadcrumbList\",\"@id\":\"https:\/\/auditiso.de\/de\/zertifikat\/#breadcrumb\",\"itemListElement\":[{\"@type\":\"ListItem\",\"position\":1,\"name\":\"Startseite\",\"item\":\"https:\/\/auditiso.de\/de\/\"},{\"@type\":\"ListItem\",\"position\":2,\"name\":\"Projektmanagenent Zertifizierung nach ISO 21500\"}]},{\"@type\":\"WebSite\",\"@id\":\"https:\/\/auditiso.de\/de\/#website\",\"url\":\"https:\/\/auditiso.de\/de\/\",\"name\":\"new.iso21500.de\",\"description\":\"neu: Projektmanagement nach ISO21502\",\"publisher\":{\"@id\":\"https:\/\/auditiso.de\/de\/#\/schema\/person\/d7c7dd9f858427001b0c7db51c0b45ed\"},\"potentialAction\":[{\"@type\":\"SearchAction\",\"target\":{\"@type\":\"EntryPoint\",\"urlTemplate\":\"https:\/\/auditiso.de\/de\/?s={search_term_string}\"},\"query-input\":{\"@type\":\"PropertyValueSpecification\",\"valueRequired\":true,\"valueName\":\"search_term_string\"}}],\"inLanguage\":\"de\"},{\"@type\":[\"Person\",\"Organization\"],\"@id\":\"https:\/\/auditiso.de\/de\/#\/schema\/person\/d7c7dd9f858427001b0c7db51c0b45ed\",\"name\":\"Dennis Hain\",\"image\":{\"@type\":\"ImageObject\",\"inLanguage\":\"de\",\"@id\":\"https:\/\/auditiso.de\/de\/#\/schema\/person\/image\/\",\"url\":\"https:\/\/secure.gravatar.com\/avatar\/89898cfc3cb4dc6d7782fcd955179ebd47446145f4b7827e99ec78603be85eda?s=96&d=mm&r=g\",\"contentUrl\":\"https:\/\/secure.gravatar.com\/avatar\/89898cfc3cb4dc6d7782fcd955179ebd47446145f4b7827e99ec78603be85eda?s=96&d=mm&r=g\",\"caption\":\"Dennis Hain\"},\"logo\":{\"@id\":\"https:\/\/auditiso.de\/de\/#\/schema\/person\/image\/\"},\"sameAs\":[\"https:\/\/www.fusepro.de\"]}]}<\/script>\n<!-- \/ Yoast SEO plugin. -->","yoast_head_json":{"title":"Projektmanagement Zertifizierung nach ISO 21500 f\u00fcr Unternehmen und Mitarbeiter","description":"Wir zertifizieren Ihre Kompetenz im Projektmanagement nach den Leitlinien von ISO 21500 als Unternehmen oder Einzelperson.","robots":{"index":"index","follow":"follow","max-snippet":"max-snippet:-1","max-image-preview":"max-image-preview:large","max-video-preview":"max-video-preview:-1"},"canonical":"https:\/\/auditiso.de\/de\/zertifikat\/","og_locale":"de_DE","og_type":"article","og_title":"Projektmanagement Zertifizierung nach ISO 21500 f\u00fcr Unternehmen und Mitarbeiter","og_description":"Wir zertifizieren Ihre Kompetenz im Projektmanagement nach den Leitlinien von ISO 21500 als Unternehmen oder Einzelperson.","og_url":"https:\/\/auditiso.de\/de\/zertifikat\/","og_site_name":"AUDITISO - Home of ISO21500","article_modified_time":"2022-05-26T14:34:22+00:00","og_image":[{"width":1849,"height":2560,"url":"https:\/\/auditiso.de\/wp-content\/uploads\/2021\/10\/Download-_4_-1-scaled.jpg","type":"image\/jpeg"}],"twitter_card":"summary_large_image","twitter_misc":{"Gesch\u00e4tzte Lesezeit":"1\u00a0Minute"},"schema":{"@context":"https:\/\/schema.org","@graph":[{"@type":"WebPage","@id":"https:\/\/auditiso.de\/de\/zertifikat\/","url":"https:\/\/auditiso.de\/de\/zertifikat\/","name":"Projektmanagement Zertifizierung nach ISO 21500 f\u00fcr Unternehmen und Mitarbeiter","isPartOf":{"@id":"https:\/\/auditiso.de\/de\/#website"},"primaryImageOfPage":{"@id":"https:\/\/auditiso.de\/de\/zertifikat\/#primaryimage"},"image":{"@id":"https:\/\/auditiso.de\/de\/zertifikat\/#primaryimage"},"thumbnailUrl":"https:\/\/auditiso.de\/wp-content\/uploads\/2021\/10\/Download-_4_-1-scaled.jpg","datePublished":"2021-10-07T18:44:22+00:00","dateModified":"2022-05-26T14:34:22+00:00","description":"Wir zertifizieren Ihre Kompetenz im Projektmanagement nach den Leitlinien von ISO 21500 als Unternehmen oder Einzelperson.","breadcrumb":{"@id":"https:\/\/auditiso.de\/de\/zertifikat\/#breadcrumb"},"inLanguage":"de","potentialAction":[{"@type":"ReadAction","target":["https:\/\/auditiso.de\/de\/zertifikat\/"]}]},{"@type":"ImageObject","inLanguage":"de","@id":"https:\/\/auditiso.de\/de\/zertifikat\/#primaryimage","url":"https:\/\/auditiso.de\/wp-content\/uploads\/2021\/10\/Download-_4_-1-scaled.jpg","contentUrl":"https:\/\/auditiso.de\/wp-content\/uploads\/2021\/10\/Download-_4_-1-scaled.jpg","width":1849,"height":2560},{"@type":"BreadcrumbList","@id":"https:\/\/auditiso.de\/de\/zertifikat\/#breadcrumb","itemListElement":[{"@type":"ListItem","position":1,"name":"Startseite","item":"https:\/\/auditiso.de\/de\/"},{"@type":"ListItem","position":2,"name":"Projektmanagenent Zertifizierung nach ISO 21500"}]},{"@type":"WebSite","@id":"https:\/\/auditiso.de\/de\/#website","url":"https:\/\/auditiso.de\/de\/","name":"new.iso21500.de","description":"neu: Projektmanagement nach ISO21502","publisher":{"@id":"https:\/\/auditiso.de\/de\/#\/schema\/person\/d7c7dd9f858427001b0c7db51c0b45ed"},"potentialAction":[{"@type":"SearchAction","target":{"@type":"EntryPoint","urlTemplate":"https:\/\/auditiso.de\/de\/?s={search_term_string}"},"query-input":{"@type":"PropertyValueSpecification","valueRequired":true,"valueName":"search_term_string"}}],"inLanguage":"de"},{"@type":["Person","Organization"],"@id":"https:\/\/auditiso.de\/de\/#\/schema\/person\/d7c7dd9f858427001b0c7db51c0b45ed","name":"Dennis Hain","image":{"@type":"ImageObject","inLanguage":"de","@id":"https:\/\/auditiso.de\/de\/#\/schema\/person\/image\/","url":"https:\/\/secure.gravatar.com\/avatar\/89898cfc3cb4dc6d7782fcd955179ebd47446145f4b7827e99ec78603be85eda?s=96&d=mm&r=g","contentUrl":"https:\/\/secure.gravatar.com\/avatar\/89898cfc3cb4dc6d7782fcd955179ebd47446145f4b7827e99ec78603be85eda?s=96&d=mm&r=g","caption":"Dennis Hain"},"logo":{"@id":"https:\/\/auditiso.de\/de\/#\/schema\/person\/image\/"},"sameAs":["https:\/\/www.fusepro.de"]}]}},"_links":{"self":[{"href":"https:\/\/auditiso.de\/de\/wp-json\/wp\/v2\/pages\/17","targetHints":{"allow":["GET"]}}],"collection":[{"href":"https:\/\/auditiso.de\/de\/wp-json\/wp\/v2\/pages"}],"about":[{"href":"https:\/\/auditiso.de\/de\/wp-json\/wp\/v2\/types\/page"}],"author":[{"embeddable":true,"href":"https:\/\/auditiso.de\/de\/wp-json\/wp\/v2\/users\/1"}],"replies":[{"embeddable":true,"href":"https:\/\/auditiso.de\/de\/wp-json\/wp\/v2\/comments?post=17"}],"version-history":[{"count":7,"href":"https:\/\/auditiso.de\/de\/wp-json\/wp\/v2\/pages\/17\/revisions"}],"predecessor-version":[{"id":921,"href":"https:\/\/auditiso.de\/de\/wp-json\/wp\/v2\/pages\/17\/revisions\/921"}],"wp:featuredmedia":[{"embeddable":true,"href":"https:\/\/auditiso.de\/de\/wp-json\/wp\/v2\/media\/400"}],"wp:attachment":[{"href":"https:\/\/auditiso.de\/de\/wp-json\/wp\/v2\/media?parent=17"}],"curies":[{"name":"wp","href":"https:\/\/api.w.org\/{rel}","templated":true}]}}