{"id":216,"date":"2021-10-07T23:26:14","date_gmt":"2021-10-07T21:26:14","guid":{"rendered":"https:\/\/auditiso.de\/?page_id=216"},"modified":"2022-05-25T11:09:00","modified_gmt":"2022-05-25T09:09:00","slug":"projektmanagement-glossar","status":"publish","type":"page","link":"https:\/\/auditiso.de\/de\/projektmanagement-glossar\/","title":{"rendered":"Projektmanagement Glossar auf Basis der ISO Normen"},"content":{"rendered":"\n<h2 class=\"wp-block-heading\">Wichtige Projektmanagement-Begriffe<\/h2>\n\n\n\n<h3 class=\"wp-block-heading\">Arbeitspaket (engl: work package)<\/h3>\n\n\n\n<p>festgelegte Arbeitsaufgabe (Vorgang) im Rahmen eines Plans, die f\u00fcr die Vollendung eines Projekts erforderlich ist<\/p>\n\n\n\n<h3 class=\"wp-block-heading\">Auftraggeber (engl: Sponsor)<\/h3>\n\n\n\n<p>Person, Gruppe oder Organisation, die ein Projekt formuliert, in Auftrag gibt, die notwendigen Ressourcen bereitstellt, die Umsetzung beratend begleitet und das Ergebnis abnimmt.<\/p>\n\n\n\n<h3 class=\"wp-block-heading\">Angebot (engl: tender)<\/h3>\n\n\n\n<p>Dokument in Form eines Angebots oder Kostenvoranschlags f\u00fcr die Lieferung eines Produkts, einer Dienstleistung oder Ergebnisses, das in der Regel auf eine Ausschreibung oder Anfrage hin \u00fcbermittelt wird<\/p>\n\n\n\n<h3 class=\"wp-block-heading\">\u00c4nderungsanfrage (engl: change request)<\/h3>\n\n\n\n<p>Dokumentation, in der eine vorgeschlagene \u00c4nderung des Projekts definiert wird<\/p>\n\n\n\n<h3 class=\"wp-block-heading\">Backlog (engl: backlog)<\/h3>\n\n\n\n<p>Priorisierte Liste von Anforderungen bzw. User Stories<\/p>\n\n\n\n<h3 class=\"wp-block-heading\">Beschaffung (engl: Purchasing)<\/h3>\n\n\n\n<p>Gruppe von Prozessen, die den Einkauf und die Bereitstellung von Waren und Dienstleistungen regelt<\/p>\n\n\n\n<h3 class=\"wp-block-heading\">Basisplan (engl: baseline)<\/h3>\n\n\n\n<p>erster abgestimmter Projektplan als Bezugsbasis f\u00fcr die \u00dcberwachung und das Controlling der Projektdurchf\u00fchrung sowie eine Gesamtbewertung am Projektende<\/p>\n\n\n\n<h3 class=\"wp-block-heading\">Changemanagement (engl: changemanagement)<\/h3>\n\n\n\n<p>Aktivit\u00e4ten, damit Menschen und Organisationen den mit einem Projekt verbundenen Wandel verinnerlichen, akzeptieren und motiviert annehmen.<\/p>\n\n\n\n<h3 class=\"wp-block-heading\">Controlling (engl: control)<\/h3>\n\n\n\n<p>Gruppe von Prozessen, in denen die tats\u00e4chlichen mit den geplanten Daten verglichen werden, in denen Abweichungen analysiert und gegebenenfalls geeignete Korrekturma\u00dfnahmen und Vorbeugungsma\u00dfnahmen ergriffen werden<\/p>\n\n\n\n<h3 class=\"wp-block-heading\">Durchf\u00fchrung (engl: execution)<\/h3>\n\n\n\n<p>Gruppe von Prozessen, die die Projektarbeit von Seiten des Projektmanagements begleitet und unterst\u00fctzt sowie die Steigerung der Projektperformance anstrebt.<\/p>\n\n\n\n<h3 class=\"wp-block-heading\">Fachgebiet (engl: application area)<\/h3>\n\n\n\n<p>Kategorie von Projekten mit einer \u00fcblicherweise gemeinsamen Ausrichtung in Bezug auf eine Branche, ein Produkt, einen Kunden oder Marktsektor<\/p>\n\n\n\n<h3 class=\"wp-block-heading\">Governance (engl: governance)<\/h3>\n\n\n\n<p>Richtlinien und Vorgaben, die sich eine Organisation gibt, um in einem transparenten geordneten System hohe Performance, Verantwortlichkeit und Wirtschaftlichkeit sicherzustellen.<\/p>\n\n\n\n<h3 class=\"wp-block-heading\">Initiierung (engl: initiation)<\/h3>\n\n\n\n<p>Gruppe von Prozessen, in der Ideen, Initiativen, Probleme, externe und interne Notwendigkeiten konkretisiert, gepr\u00fcft, detailliert, abgestimmt, priorisiert und als Projekt beauftragt werden.<\/p>\n\n\n\n<h3 class=\"wp-block-heading\">Innovationsmanagement (engl: innovationmanagement)<\/h3>\n\n\n\n<p>Verfahren, um Ideen in Organisationen und bei Menschen zu stimulieren, zu sammeln, zu selektieren und nutzbar zu machen.<\/p>\n\n\n\n<h3 class=\"wp-block-heading\">Konfigurationsmanagement (engl: configuration management)<\/h3>\n\n\n\n<p>Anwendung von Verfahren, um Dokumentationen, Spezifikationen und physische Merkmale zu steuern, miteinander zu korrelieren und zu aktualisieren<\/p>\n\n\n\n<h3 class=\"wp-block-heading\">Korrekturma\u00dfnahme (engl: corrective action)<\/h3>\n\n\n\n<p>Steuerungsma\u00dfnahmen, die sich aus dem Vergleich der tats\u00e4chlichen mit den geplanten Daten, sowie aus Abweichungsanalysen ergeben, um die Projektziele weiterhin zu erreichen<\/p>\n\n\n\n<h3 class=\"wp-block-heading\">Lastenheft (engl: requirements)<\/h3>\n\n\n\n<p>beschreibt die Gesamtheit der&nbsp;Anforderungen&nbsp;des Auftraggebers an die Lieferungen und Leistungen eines Auftragnehmers.&nbsp;Das&nbsp;Lastenheft wird auch als Anforderungskatalog&nbsp;oder&nbsp;Anwenderspezifikation&nbsp;bezeichnet.<\/p>\n\n\n\n<h3 class=\"wp-block-heading\">Lenkungsausschuss (engl: steering committee)<\/h3>\n\n\n\n<p>Gruppe von ausgew\u00e4hlten Stakeholdern, die das Projekt kontrollierend, steuernd und unterst\u00fctzend begleiten.<\/p>\n\n\n\n<h3 class=\"wp-block-heading\">Lebenszyklus (engl: project life&nbsp;cycle)<\/h3>\n\n\n\n<p>definierte Anzahl von Phasen oder Sprints von Projektstart bis Projektabschluss<\/p>\n\n\n\n<h3 class=\"wp-block-heading\">Lessons Learned (engl: lessons learned)<\/h3>\n\n\n\n<p>gewonnene Erkenntnisse, neues Wissen oder Erfahrungen, die w\u00e4hrend der Arbeit an einem Projekt entstehen, sowie deren Dokumentation.<\/p>\n\n\n\n<h3 class=\"wp-block-heading\">Nachforderungsmanagement (engl: Claim Management)<\/h3>\n\n\n\n<p>sind Aktivit\u00e4ten, die notwendig sind, eigene berechtigte Forderungen gegen\u00fcber einem externen Partner durchzusetzen bzw. unberechtigte Forderungen wirkungsvoll abzuwehren.<\/p>\n\n\n\n<h3 class=\"wp-block-heading\">Netzplan<\/h3>\n\n\n\n<p>grafische oder tabellarische Darstellung einer Ablaufstruktur, die aus Arbeitspaketen bzw. Vorg\u00e4ngen und deren Abh\u00e4ngigkeiten voneinander besteht<\/p>\n\n\n\n<h3 class=\"wp-block-heading\">Pflichtenheft (engl: requirement specification)<\/h3>\n\n\n\n<p>beschreibt, wie ein Auftragnehmer die Anforderungen aus einem Lastenheft konkret umsetzen will.<\/p>\n\n\n\n<h3 class=\"wp-block-heading\">Planung<\/h3>\n\n\n\n<p>Gruppe von Prozessen, in denen die Projektdurchf\u00fchrung in allen relevanten Themengebieten geplant wird.<\/p>\n\n\n\n<h3 class=\"wp-block-heading\">Produktprozesse<\/h3>\n\n\n\n<p>Prozesse, in denen die Projektergebnisse erstellt werden. Hier wird die eigentliche Projektarbeit durchgef\u00fchrt.<\/p>\n\n\n\n<h3 class=\"wp-block-heading\">Programm (engl: program)<\/h3>\n\n\n\n<p>mehreren Projekten, die ein gemeinsames \u00fcbergeordnetes Ziel verfolgen<\/p>\n\n\n\n<h3 class=\"wp-block-heading\">Projekt (engl: project)<\/h3>\n\n\n\n<p>zeitlich begrenztes Vorhaben zur Schaffung eines einmaligen Produktes oder einer Dienstleistung.<\/p>\n\n\n\n<h3 class=\"wp-block-heading\">Projektabschluss (engl: project completion)<\/h3>\n\n\n\n<p>Gruppe von Prozessen, die am Ende eines Projektes notwendig werden, um dieses aufzul\u00f6sen, Erfahrungen sicherzustellen und die verbleibenden Ressourcen zur\u00fcckzuf\u00fchren.<\/p>\n\n\n\n<h3 class=\"wp-block-heading\">Projektauftrag (engl: project contract)<\/h3>\n\n\n\n<p>Projektbeschreibung mit Darstellung des zu erarbeitenden Ergebnisses sowie den gesetzten Rahmenbedingungen wie Zeit, Geld und sonstigen Ressourcen.<\/p>\n\n\n\n<h3 class=\"wp-block-heading\">Projektbeteiligte (engl: Stakeholder)<\/h3>\n\n\n\n<p>Personen oder Personen Gruppen, die in ein Projekt involviert bzw. von den Projektergebnissen betroffen sind.<\/p>\n\n\n\n<h3 class=\"wp-block-heading\">Projektleiter (engl: project manager)<\/h3>\n\n\n\n<p>F\u00fchrungsperson des Projektes, die die Verantwortung f\u00fcr die Erreichung der Projektziele hat.<\/p>\n\n\n\n<h3 class=\"wp-block-heading\">Projektmanagement (engl: project management)<\/h3>\n\n\n\n<p>F\u00fchrung eines Projektes zum Ziel unter Anwendung und Nutzung von Methoden, Hilfsmitteln, Techniken, Ressourcen und Kompetenzen.<\/p>\n\n\n\n<h3 class=\"wp-block-heading\">Projektmanagementplan (engl: project management plan)<\/h3>\n\n\n\n<p>Darstellung, wie das Projekt geplant und gesteuert werden soll.<\/p>\n\n\n\n<h3 class=\"wp-block-heading\">Projektmanagement Office (engl: project management office)<\/h3>\n\n\n\n<p>Einheit in einer Organisation, die sich um Leitlinien, Koordination und Hilfestellungen f\u00fcr Projekte k\u00fcmmert.<\/p>\n\n\n\n<h3 class=\"wp-block-heading\">Projektorganisation (engl: project organisation)<\/h3>\n\n\n\n<p>Team, Struktur, Gestaltung, Regeln und Hilfsmittel f\u00fcr die Durchf\u00fchrung von Projekten<\/p>\n\n\n\n<h3 class=\"wp-block-heading\">Projektplan (engl: project plan)<\/h3>\n\n\n\n<p>Darstellung, wie das Projekt durchgef\u00fchrt werden soll.<\/p>\n\n\n\n<h3 class=\"wp-block-heading\">Projektportfolio (engl: project portfolio)<\/h3>\n\n\n\n<p>Menge von Projekten, die aufgrund von Abh\u00e4ngigkeiten gemeinsam zu koordinieren sind<\/p>\n\n\n\n<h3 class=\"wp-block-heading\">Risikoplan (engl: risc register)<\/h3>\n\n\n\n<p>Dokumentation von ermittelten Risiken, einschlie\u00dflich der Ergebnisse der Risikoanalyse und der geplanten Ma\u00dfnahmen zur Risikobew\u00e4ltigung<\/p>\n\n\n\n<h3 class=\"wp-block-heading\">Sprint (engl: sprint)<\/h3>\n\n\n\n<p>definierter \u00fcberschaubarer Zeitraum, in dem ein bestm\u00f6gliches nutzbares Projektergebnis erzeugt wird<\/p>\n\n\n\n<h3 class=\"wp-block-heading\">Standup Meeting (engl: standup meeting)<\/h3>\n\n\n\n<p>Meeting im Stehen mit dem Ziel, die Dauer des Meetings kurz zu halten<\/p>\n\n\n\n<h3 class=\"wp-block-heading\">Teilprojekt (engl: subproject)<\/h3>\n\n\n\n<p>Teilmenge eines Projektes, die in sich einen logischen Zusammenhalt hat<\/p>\n\n\n\n<h3 class=\"wp-block-heading\">User Story (engl: user&nbsp;Story<\/h3>\n\n\n\n<p>Anforderung an ein Projekt bzw. Projektergebnis, die im Format Autor bzw. Rolle, Inhalt der Anforderung und Begr\u00fcndung dargestellt wird.<\/p>\n\n\n\n<h3 class=\"wp-block-heading\">Vorbeugungsma\u00dfnahme (engl: preventive action)<\/h3>\n\n\n\n<p>Aktionen um m\u00f6gliche Leistungsabweichungen vom Basisplan zu verhindern oder zu verringern<\/p>\n\n\n\n<h3 class=\"wp-block-heading\">Vorgang (engl: activity)<\/h3>\n\n\n\n<p>Vorgang ist ein Synonym f\u00fcr eine festgelegte Aufgabe oder ein Arbeitspaket, das im Rahmen eines Plans f\u00fcr die Vollendung eines Projekts erforderlich ist.<\/p>\n","protected":false},"excerpt":{"rendered":"<p>Wichtige Projektmanagement-Begriffe Arbeitspaket (engl: work package) festgelegte Arbeitsaufgabe (Vorgang) im Rahmen eines Plans, die f\u00fcr die Vollendung eines Projekts erforderlich ist Auftraggeber (engl: Sponsor) Person, Gruppe oder Organisation, die ein Projekt formuliert, in Auftrag gibt, die notwendigen Ressourcen bereitstellt, die Umsetzung beratend begleitet und das Ergebnis abnimmt. Angebot (engl: tender) Dokument in Form eines Angebots&nbsp;[\u2026]<\/p>\n","protected":false},"author":1,"featured_media":161,"parent":0,"menu_order":0,"comment_status":"closed","ping_status":"closed","template":"","meta":{"wp_typography_post_enhancements_disabled":false,"footnotes":""},"class_list":["post-216","page","type-page","status-publish","has-post-thumbnail","hentry"],"yoast_head":"<!-- This site is optimized with the Yoast SEO plugin v26.5 - https:\/\/yoast.com\/wordpress\/plugins\/seo\/ -->\n<title>Projektmanagement Glossar - auf Basis der ISO Normen<\/title>\n<meta name=\"description\" content=\"Projektmanagement Glossar auf Basis der ISO Normen mit den wichigsten Fachbegriffen in Deutsch und Englisch\" \/>\n<meta name=\"robots\" content=\"index, follow, max-snippet:-1, max-image-preview:large, max-video-preview:-1\" \/>\n<link rel=\"canonical\" href=\"https:\/\/auditiso.de\/de\/projektmanagement-glossar\/\" \/>\n<meta property=\"og:locale\" content=\"de_DE\" \/>\n<meta property=\"og:type\" content=\"article\" \/>\n<meta property=\"og:title\" content=\"Projektmanagement Glossar - auf Basis der ISO Normen\" \/>\n<meta property=\"og:description\" content=\"Projektmanagement Glossar auf Basis der ISO Normen mit den wichigsten Fachbegriffen in Deutsch und Englisch\" \/>\n<meta property=\"og:url\" content=\"https:\/\/auditiso.de\/de\/projektmanagement-glossar\/\" \/>\n<meta property=\"og:site_name\" content=\"AUDITISO - Home of ISO21500\" \/>\n<meta property=\"article:modified_time\" content=\"2022-05-25T09:09:00+00:00\" \/>\n<meta property=\"og:image\" content=\"https:\/\/auditiso.de\/wp-content\/uploads\/2021\/10\/meeting-g280fe7a20_1920.jpg\" \/>\n\t<meta property=\"og:image:width\" content=\"1920\" \/>\n\t<meta property=\"og:image:height\" content=\"1200\" \/>\n\t<meta property=\"og:image:type\" content=\"image\/jpeg\" \/>\n<meta name=\"twitter:card\" content=\"summary_large_image\" \/>\n<meta name=\"twitter:label1\" content=\"Gesch\u00e4tzte Lesezeit\" \/>\n\t<meta name=\"twitter:data1\" content=\"5\u00a0Minuten\" \/>\n<script type=\"application\/ld+json\" class=\"yoast-schema-graph\">{\"@context\":\"https:\/\/schema.org\",\"@graph\":[{\"@type\":\"WebPage\",\"@id\":\"https:\/\/auditiso.de\/de\/projektmanagement-glossar\/\",\"url\":\"https:\/\/auditiso.de\/de\/projektmanagement-glossar\/\",\"name\":\"Projektmanagement Glossar - auf Basis der ISO Normen\",\"isPartOf\":{\"@id\":\"https:\/\/auditiso.de\/de\/#website\"},\"primaryImageOfPage\":{\"@id\":\"https:\/\/auditiso.de\/de\/projektmanagement-glossar\/#primaryimage\"},\"image\":{\"@id\":\"https:\/\/auditiso.de\/de\/projektmanagement-glossar\/#primaryimage\"},\"thumbnailUrl\":\"https:\/\/auditiso.de\/wp-content\/uploads\/2021\/10\/meeting-g280fe7a20_1920.jpg\",\"datePublished\":\"2021-10-07T21:26:14+00:00\",\"dateModified\":\"2022-05-25T09:09:00+00:00\",\"description\":\"Projektmanagement Glossar auf Basis der ISO Normen mit den wichigsten Fachbegriffen in Deutsch und Englisch\",\"breadcrumb\":{\"@id\":\"https:\/\/auditiso.de\/de\/projektmanagement-glossar\/#breadcrumb\"},\"inLanguage\":\"de\",\"potentialAction\":[{\"@type\":\"ReadAction\",\"target\":[\"https:\/\/auditiso.de\/de\/projektmanagement-glossar\/\"]}]},{\"@type\":\"ImageObject\",\"inLanguage\":\"de\",\"@id\":\"https:\/\/auditiso.de\/de\/projektmanagement-glossar\/#primaryimage\",\"url\":\"https:\/\/auditiso.de\/wp-content\/uploads\/2021\/10\/meeting-g280fe7a20_1920.jpg\",\"contentUrl\":\"https:\/\/auditiso.de\/wp-content\/uploads\/2021\/10\/meeting-g280fe7a20_1920.jpg\",\"width\":1920,\"height\":1200},{\"@type\":\"BreadcrumbList\",\"@id\":\"https:\/\/auditiso.de\/de\/projektmanagement-glossar\/#breadcrumb\",\"itemListElement\":[{\"@type\":\"ListItem\",\"position\":1,\"name\":\"Startseite\",\"item\":\"https:\/\/auditiso.de\/de\/\"},{\"@type\":\"ListItem\",\"position\":2,\"name\":\"Projektmanagement Glossar auf Basis der ISO Normen\"}]},{\"@type\":\"WebSite\",\"@id\":\"https:\/\/auditiso.de\/de\/#website\",\"url\":\"https:\/\/auditiso.de\/de\/\",\"name\":\"new.iso21500.de\",\"description\":\"neu: Projektmanagement nach ISO21502\",\"publisher\":{\"@id\":\"https:\/\/auditiso.de\/de\/#\/schema\/person\/d7c7dd9f858427001b0c7db51c0b45ed\"},\"potentialAction\":[{\"@type\":\"SearchAction\",\"target\":{\"@type\":\"EntryPoint\",\"urlTemplate\":\"https:\/\/auditiso.de\/de\/?s={search_term_string}\"},\"query-input\":{\"@type\":\"PropertyValueSpecification\",\"valueRequired\":true,\"valueName\":\"search_term_string\"}}],\"inLanguage\":\"de\"},{\"@type\":[\"Person\",\"Organization\"],\"@id\":\"https:\/\/auditiso.de\/de\/#\/schema\/person\/d7c7dd9f858427001b0c7db51c0b45ed\",\"name\":\"Dennis Hain\",\"image\":{\"@type\":\"ImageObject\",\"inLanguage\":\"de\",\"@id\":\"https:\/\/auditiso.de\/de\/#\/schema\/person\/image\/\",\"url\":\"https:\/\/secure.gravatar.com\/avatar\/89898cfc3cb4dc6d7782fcd955179ebd47446145f4b7827e99ec78603be85eda?s=96&d=mm&r=g\",\"contentUrl\":\"https:\/\/secure.gravatar.com\/avatar\/89898cfc3cb4dc6d7782fcd955179ebd47446145f4b7827e99ec78603be85eda?s=96&d=mm&r=g\",\"caption\":\"Dennis Hain\"},\"logo\":{\"@id\":\"https:\/\/auditiso.de\/de\/#\/schema\/person\/image\/\"},\"sameAs\":[\"https:\/\/www.fusepro.de\"]}]}<\/script>\n<!-- \/ Yoast SEO plugin. -->","yoast_head_json":{"title":"Projektmanagement Glossar - auf Basis der ISO Normen","description":"Projektmanagement Glossar auf Basis der ISO Normen mit den wichigsten Fachbegriffen in Deutsch und Englisch","robots":{"index":"index","follow":"follow","max-snippet":"max-snippet:-1","max-image-preview":"max-image-preview:large","max-video-preview":"max-video-preview:-1"},"canonical":"https:\/\/auditiso.de\/de\/projektmanagement-glossar\/","og_locale":"de_DE","og_type":"article","og_title":"Projektmanagement Glossar - auf Basis der ISO Normen","og_description":"Projektmanagement Glossar auf Basis der ISO Normen mit den wichigsten Fachbegriffen in Deutsch und Englisch","og_url":"https:\/\/auditiso.de\/de\/projektmanagement-glossar\/","og_site_name":"AUDITISO - Home of ISO21500","article_modified_time":"2022-05-25T09:09:00+00:00","og_image":[{"width":1920,"height":1200,"url":"https:\/\/auditiso.de\/wp-content\/uploads\/2021\/10\/meeting-g280fe7a20_1920.jpg","type":"image\/jpeg"}],"twitter_card":"summary_large_image","twitter_misc":{"Gesch\u00e4tzte Lesezeit":"5\u00a0Minuten"},"schema":{"@context":"https:\/\/schema.org","@graph":[{"@type":"WebPage","@id":"https:\/\/auditiso.de\/de\/projektmanagement-glossar\/","url":"https:\/\/auditiso.de\/de\/projektmanagement-glossar\/","name":"Projektmanagement Glossar - auf Basis der ISO Normen","isPartOf":{"@id":"https:\/\/auditiso.de\/de\/#website"},"primaryImageOfPage":{"@id":"https:\/\/auditiso.de\/de\/projektmanagement-glossar\/#primaryimage"},"image":{"@id":"https:\/\/auditiso.de\/de\/projektmanagement-glossar\/#primaryimage"},"thumbnailUrl":"https:\/\/auditiso.de\/wp-content\/uploads\/2021\/10\/meeting-g280fe7a20_1920.jpg","datePublished":"2021-10-07T21:26:14+00:00","dateModified":"2022-05-25T09:09:00+00:00","description":"Projektmanagement Glossar auf Basis der ISO Normen mit den wichigsten Fachbegriffen in Deutsch und Englisch","breadcrumb":{"@id":"https:\/\/auditiso.de\/de\/projektmanagement-glossar\/#breadcrumb"},"inLanguage":"de","potentialAction":[{"@type":"ReadAction","target":["https:\/\/auditiso.de\/de\/projektmanagement-glossar\/"]}]},{"@type":"ImageObject","inLanguage":"de","@id":"https:\/\/auditiso.de\/de\/projektmanagement-glossar\/#primaryimage","url":"https:\/\/auditiso.de\/wp-content\/uploads\/2021\/10\/meeting-g280fe7a20_1920.jpg","contentUrl":"https:\/\/auditiso.de\/wp-content\/uploads\/2021\/10\/meeting-g280fe7a20_1920.jpg","width":1920,"height":1200},{"@type":"BreadcrumbList","@id":"https:\/\/auditiso.de\/de\/projektmanagement-glossar\/#breadcrumb","itemListElement":[{"@type":"ListItem","position":1,"name":"Startseite","item":"https:\/\/auditiso.de\/de\/"},{"@type":"ListItem","position":2,"name":"Projektmanagement Glossar auf Basis der ISO Normen"}]},{"@type":"WebSite","@id":"https:\/\/auditiso.de\/de\/#website","url":"https:\/\/auditiso.de\/de\/","name":"new.iso21500.de","description":"neu: Projektmanagement nach ISO21502","publisher":{"@id":"https:\/\/auditiso.de\/de\/#\/schema\/person\/d7c7dd9f858427001b0c7db51c0b45ed"},"potentialAction":[{"@type":"SearchAction","target":{"@type":"EntryPoint","urlTemplate":"https:\/\/auditiso.de\/de\/?s={search_term_string}"},"query-input":{"@type":"PropertyValueSpecification","valueRequired":true,"valueName":"search_term_string"}}],"inLanguage":"de"},{"@type":["Person","Organization"],"@id":"https:\/\/auditiso.de\/de\/#\/schema\/person\/d7c7dd9f858427001b0c7db51c0b45ed","name":"Dennis Hain","image":{"@type":"ImageObject","inLanguage":"de","@id":"https:\/\/auditiso.de\/de\/#\/schema\/person\/image\/","url":"https:\/\/secure.gravatar.com\/avatar\/89898cfc3cb4dc6d7782fcd955179ebd47446145f4b7827e99ec78603be85eda?s=96&d=mm&r=g","contentUrl":"https:\/\/secure.gravatar.com\/avatar\/89898cfc3cb4dc6d7782fcd955179ebd47446145f4b7827e99ec78603be85eda?s=96&d=mm&r=g","caption":"Dennis Hain"},"logo":{"@id":"https:\/\/auditiso.de\/de\/#\/schema\/person\/image\/"},"sameAs":["https:\/\/www.fusepro.de"]}]}},"_links":{"self":[{"href":"https:\/\/auditiso.de\/de\/wp-json\/wp\/v2\/pages\/216","targetHints":{"allow":["GET"]}}],"collection":[{"href":"https:\/\/auditiso.de\/de\/wp-json\/wp\/v2\/pages"}],"about":[{"href":"https:\/\/auditiso.de\/de\/wp-json\/wp\/v2\/types\/page"}],"author":[{"embeddable":true,"href":"https:\/\/auditiso.de\/de\/wp-json\/wp\/v2\/users\/1"}],"replies":[{"embeddable":true,"href":"https:\/\/auditiso.de\/de\/wp-json\/wp\/v2\/comments?post=216"}],"version-history":[{"count":6,"href":"https:\/\/auditiso.de\/de\/wp-json\/wp\/v2\/pages\/216\/revisions"}],"predecessor-version":[{"id":887,"href":"https:\/\/auditiso.de\/de\/wp-json\/wp\/v2\/pages\/216\/revisions\/887"}],"wp:featuredmedia":[{"embeddable":true,"href":"https:\/\/auditiso.de\/de\/wp-json\/wp\/v2\/media\/161"}],"wp:attachment":[{"href":"https:\/\/auditiso.de\/de\/wp-json\/wp\/v2\/media?parent=216"}],"curies":[{"name":"wp","href":"https:\/\/api.w.org\/{rel}","templated":true}]}}