{"id":29,"date":"2021-10-07T20:45:46","date_gmt":"2021-10-07T18:45:46","guid":{"rendered":"https:\/\/auditiso.de\/?page_id=29"},"modified":"2023-02-10T09:10:48","modified_gmt":"2023-02-10T08:10:48","slug":"trainer-aus-der-praxis","status":"publish","type":"page","link":"https:\/\/auditiso.de\/de\/trainer-aus-der-praxis\/","title":{"rendered":"Trainer aus der Praxis"},"content":{"rendered":"<div>\n<p><strong>Die Trainer<\/strong><\/p>\n<p>sind der wesentliche Erfolgsfaktor f\u00fcr eine gelungene nachhaltige Ausbildung im Projektmanagement (nach ISO 21500). Zu fordern sind:<\/p>\n<ul>\n<li>projekterfahrene motivierende Trainer mit hoher fachlicher und sozialer Kompetenz<\/li>\n<li>Kenntnis, Erfahrung und Zertifizierung in einem anerkannten Standard wie PMI, IPMA oder PRINCE2<\/li>\n<li>Verbreitung und Verkn\u00fcpfung von Theorie mit Unternehmensverfahren<\/li>\n<li>Ein\u00fcbung an Unternehmensbeispielen f\u00fcr direkte \u00dcberf\u00fchrung in betriebliche Praxis<\/li>\n<li>Beitrag zum Kultur Shift hin zu agilem und projektorientiertem Verhalten<\/li>\n<li>gutes Preis-\/Leistungs Verh\u00e4ltnis<\/li>\n<\/ul>\n<p>\u00dcblicherweise sollten langj\u00e4hrige Berufserfahrungen in Linien- und Projektmanagement in verschiedenen Unternehmen vorliegen. Nur im Kopf junge und in Praxis gereifte Pers\u00f6nlichkeiten k\u00f6nnen die komprimierte ISO 21500 Leitlinie so mit Leben erf\u00fcllen, dass ihre Inhalte zu den gew\u00fcnschten und angestrebten Ergebnissen f\u00fchren.<\/p>\n<p>Auf Wunsch vermitteln wir erfahrene, nach ISO 21500 zertifizierte Trainer f\u00fcr Ihre Seminare.&nbsp; Unser pr\u00e4ferierter Trainer f\u00fcr Inhouse Seminare ist Norbert Daehne. (<a href=\"http:\/\/www.travision.de\/Downloads\/Profil+Norbert+D$C3$A4hne+2016+PM+Seminare.pdf\" target=\"_blank\" rel=\"noopener\">Profil klick hier<\/a>)<\/p>\n<\/div>\n<p><!--more--><br>\n<!-- {\"name\":\"Layout Standard 2\",\"type\":\"layout\",\"children\":[{\"type\":\"section\",\"props\":{\"image\":\"wp-content\\\/uploads\\\/2021\\\/10\\\/laptop-g668fd0a2a_1920.jpg\",\"image_position\":\"bottom-left\",\"image_size\":\"cover\",\"media_overlay\":\"rgba(144, 182, 227, 0.94)\",\"padding\":\"large\",\"style\":\"secondary\",\"title_breakpoint\":\"xl\",\"title_position\":\"top-left\",\"title_rotation\":\"left\",\"vertical_align\":\"middle\",\"width\":\"default\"},\"children\":[{\"type\":\"row\",\"children\":[{\"type\":\"column\",\"props\":{\"image_position\":\"center-center\",\"media_overlay_gradient\":\"\",\"position_sticky_breakpoint\":\"m\"},\"children\":[{\"type\":\"headline\",\"props\":{\"title_element\":\"h1\",\"title_style\":\"heading-small\"},\"source\":{\"query\":{\"name\":\"pages.singlePage\"},\"props\":{\"content\":{\"filters\":{\"search\":\"\"},\"name\":\"title\"}}}}]}]}]},{\"type\":\"section\",\"props\":{\"image_position\":\"center-center\",\"style\":\"default\",\"title_breakpoint\":\"xl\",\"title_position\":\"top-left\",\"title_rotation\":\"left\",\"vertical_align\":\"middle\",\"width\":\"default\"},\"children\":[{\"type\":\"row\",\"children\":[{\"type\":\"column\",\"props\":{\"image_position\":\"center-center\",\"media_overlay_gradient\":\"\",\"position_sticky_breakpoint\":\"m\"},\"children\":[{\"type\":\"breadcrumbs\",\"props\":{\"show_current\":true,\"show_home\":true}}]}]},{\"type\":\"row\",\"props\":{\"layout\":\"1-2,1-2\"},\"children\":[{\"type\":\"column\",\"props\":{\"image_position\":\"center-center\",\"media_overlay_gradient\":\"\",\"position_sticky_breakpoint\":\"m\",\"width_medium\":\"1-2\"},\"children\":[{\"type\":\"text\",\"props\":{\"column_breakpoint\":\"m\",\"content\":\"\n\n<p><strong>Die Trainer<\\\/strong><\\\/p>\\n\n\n<p>sind der wesentliche Erfolgsfaktor f\\u00fcr eine gelungene nachhaltige Ausbildung im Projektmanagement (nach ISO 21500). Zu fordern sind:<\\\/p>\\n\n\n<ul>\\n\n\n<li>projekterfahrene motivierende Trainer mit hoher fachlicher und sozialer Kompetenz<\\\/li>\\n\n\n<li>Kenntnis, Erfahrung und Zertifizierung in einem anerkannten Standard wie PMI, IPMA oder PRINCE2<\\\/li>\\n\n\n<li>Verbreitung und Verkn\\u00fcpfung von Theorie mit Unternehmensverfahren<\\\/li>\\n\n\n<li>Ein\\u00fcbung an Unternehmensbeispielen f\\u00fcr direkte \\u00dcberf\\u00fchrung in betriebliche Praxis<\\\/li>\\n\n\n<li>Beitrag zum Kultur Shift hin zu agilem und projektorientiertem Verhalten<\\\/li>\\n\n\n<li>gutes Preis-\\\/Leistungs Verh\\u00e4ltnis<\\\/li>\\n<\\\/ul>\\n\n\n<p>\\u00dcblicherweise sollten langj\\u00e4hrige Berufserfahrungen in Linien- und Projektmanagement in verschiedenen Unternehmen vorliegen. Nur im Kopf junge und in Praxis gereifte Pers\\u00f6nlichkeiten k\\u00f6nnen die komprimierte ISO 21500 Leitlinie so mit Leben erf\\u00fcllen, dass ihre Inhalte zu den gew\\u00fcnschten und angestrebten Ergebnissen f\\u00fchren.<\\\/p>\\n\n\n<p>Auf Wunsch vermitteln wir erfahrene, nach ISO 21500 zertifizierte Trainer f\\u00fcr Ihre Seminare.\\u00a0 Unser pr\\u00e4ferierter Trainer f\\u00fcr Inhouse Seminare ist Norbert Daehne. (<a href=\\\"http:\\\/\\\/www.travision.de\\\/Downloads\\\/Profil+Norbert+D$C3$A4hne+2016+PM+Seminare.pdf\\\" target=\\\"_blank\\\" rel=\\\"noopener\\\">Profil klick hier<\\\/a>)<\\\/p>\",\"margin\":\"default\"},\"source\":{\"query\":{\"name\":\"pages.singlePage\"}}}]},{\"type\":\"column\",\"props\":{\"image_position\":\"center-center\",\"media_overlay_gradient\":\"\",\"position_sticky_breakpoint\":\"m\",\"width_medium\":\"1-2\"},\"children\":[{\"type\":\"image\",\"props\":{\"image_svg_color\":\"emphasis\",\"margin\":\"default\"},\"source\":{\"query\":{\"name\":\"pages.singlePage\"},\"props\":{\"image\":{\"filters\":{\"search\":\"\"},\"name\":\"featuredImage.url\"}}}}]}]}]}],\"version\":\"3.0.21\"} --><\/p>\n","protected":false},"excerpt":{"rendered":"<p>Die Trainer sind der wesentliche Erfolgsfaktor f\u00fcr eine gelungene nachhaltige Ausbildung im Projektmanagement (nach ISO 21500). Zu fordern sind: projekterfahrene motivierende Trainer mit hoher fachlicher und sozialer Kompetenz Kenntnis, Erfahrung und Zertifizierung in einem anerkannten Standard wie PMI, IPMA oder PRINCE2 Verbreitung und Verkn\u00fcpfung von Theorie mit Unternehmensverfahren Ein\u00fcbung an Unternehmensbeispielen f\u00fcr direkte \u00dcberf\u00fchrung in&nbsp;[\u2026]<\/p>\n","protected":false},"author":1,"featured_media":411,"parent":0,"menu_order":0,"comment_status":"closed","ping_status":"closed","template":"","meta":{"wp_typography_post_enhancements_disabled":false,"footnotes":""},"class_list":["post-29","page","type-page","status-publish","has-post-thumbnail","hentry"],"yoast_head":"<!-- This site is optimized with the Yoast SEO plugin v26.5 - https:\/\/yoast.com\/wordpress\/plugins\/seo\/ -->\n<title>Trainer aus der Praxis - Projektmanagement nach ISO21500<\/title>\n<meta name=\"description\" content=\"Unsere projekterfahrene motivierende Trainer mit hoher fachlicher und sozialer Kompetenz sind das Geheimnis unserer mehrwertbringenden PM Seminare!\" \/>\n<meta name=\"robots\" content=\"index, follow, max-snippet:-1, max-image-preview:large, max-video-preview:-1\" \/>\n<link rel=\"canonical\" href=\"https:\/\/auditiso.de\/de\/trainer-aus-der-praxis\/\" \/>\n<meta property=\"og:locale\" content=\"de_DE\" \/>\n<meta property=\"og:type\" content=\"article\" \/>\n<meta property=\"og:title\" content=\"Trainer aus der Praxis - Projektmanagement nach ISO21500\" \/>\n<meta property=\"og:description\" content=\"Unsere projekterfahrene motivierende Trainer mit hoher fachlicher und sozialer Kompetenz sind das Geheimnis unserer mehrwertbringenden PM Seminare!\" \/>\n<meta property=\"og:url\" content=\"https:\/\/auditiso.de\/de\/trainer-aus-der-praxis\/\" \/>\n<meta property=\"og:site_name\" content=\"AUDITISO - Home of ISO21500\" \/>\n<meta property=\"article:modified_time\" content=\"2023-02-10T08:10:48+00:00\" \/>\n<meta property=\"og:image\" content=\"https:\/\/auditiso.de\/wp-content\/uploads\/2021\/10\/Trainer-Norbert-Daehne.jpg\" \/>\n\t<meta property=\"og:image:width\" content=\"960\" \/>\n\t<meta property=\"og:image:height\" content=\"720\" \/>\n\t<meta property=\"og:image:type\" content=\"image\/jpeg\" \/>\n<meta name=\"twitter:card\" content=\"summary_large_image\" \/>\n<meta name=\"twitter:label1\" content=\"Gesch\u00e4tzte Lesezeit\" \/>\n\t<meta name=\"twitter:data1\" content=\"1\u00a0Minute\" \/>\n<script type=\"application\/ld+json\" class=\"yoast-schema-graph\">{\"@context\":\"https:\/\/schema.org\",\"@graph\":[{\"@type\":\"WebPage\",\"@id\":\"https:\/\/auditiso.de\/de\/trainer-aus-der-praxis\/\",\"url\":\"https:\/\/auditiso.de\/de\/trainer-aus-der-praxis\/\",\"name\":\"Trainer aus der Praxis - Projektmanagement nach ISO21500\",\"isPartOf\":{\"@id\":\"https:\/\/auditiso.de\/de\/#website\"},\"primaryImageOfPage\":{\"@id\":\"https:\/\/auditiso.de\/de\/trainer-aus-der-praxis\/#primaryimage\"},\"image\":{\"@id\":\"https:\/\/auditiso.de\/de\/trainer-aus-der-praxis\/#primaryimage\"},\"thumbnailUrl\":\"https:\/\/auditiso.de\/wp-content\/uploads\/2021\/10\/Trainer-Norbert-Daehne.jpg\",\"datePublished\":\"2021-10-07T18:45:46+00:00\",\"dateModified\":\"2023-02-10T08:10:48+00:00\",\"description\":\"Unsere projekterfahrene motivierende Trainer mit hoher fachlicher und sozialer Kompetenz sind das Geheimnis unserer mehrwertbringenden PM Seminare!\",\"breadcrumb\":{\"@id\":\"https:\/\/auditiso.de\/de\/trainer-aus-der-praxis\/#breadcrumb\"},\"inLanguage\":\"de\",\"potentialAction\":[{\"@type\":\"ReadAction\",\"target\":[\"https:\/\/auditiso.de\/de\/trainer-aus-der-praxis\/\"]}]},{\"@type\":\"ImageObject\",\"inLanguage\":\"de\",\"@id\":\"https:\/\/auditiso.de\/de\/trainer-aus-der-praxis\/#primaryimage\",\"url\":\"https:\/\/auditiso.de\/wp-content\/uploads\/2021\/10\/Trainer-Norbert-Daehne.jpg\",\"contentUrl\":\"https:\/\/auditiso.de\/wp-content\/uploads\/2021\/10\/Trainer-Norbert-Daehne.jpg\",\"width\":960,\"height\":720},{\"@type\":\"BreadcrumbList\",\"@id\":\"https:\/\/auditiso.de\/de\/trainer-aus-der-praxis\/#breadcrumb\",\"itemListElement\":[{\"@type\":\"ListItem\",\"position\":1,\"name\":\"Startseite\",\"item\":\"https:\/\/auditiso.de\/de\/\"},{\"@type\":\"ListItem\",\"position\":2,\"name\":\"Trainer aus der Praxis\"}]},{\"@type\":\"WebSite\",\"@id\":\"https:\/\/auditiso.de\/de\/#website\",\"url\":\"https:\/\/auditiso.de\/de\/\",\"name\":\"new.iso21500.de\",\"description\":\"neu: Projektmanagement nach ISO21502\",\"publisher\":{\"@id\":\"https:\/\/auditiso.de\/de\/#\/schema\/person\/d7c7dd9f858427001b0c7db51c0b45ed\"},\"potentialAction\":[{\"@type\":\"SearchAction\",\"target\":{\"@type\":\"EntryPoint\",\"urlTemplate\":\"https:\/\/auditiso.de\/de\/?s={search_term_string}\"},\"query-input\":{\"@type\":\"PropertyValueSpecification\",\"valueRequired\":true,\"valueName\":\"search_term_string\"}}],\"inLanguage\":\"de\"},{\"@type\":[\"Person\",\"Organization\"],\"@id\":\"https:\/\/auditiso.de\/de\/#\/schema\/person\/d7c7dd9f858427001b0c7db51c0b45ed\",\"name\":\"Dennis Hain\",\"image\":{\"@type\":\"ImageObject\",\"inLanguage\":\"de\",\"@id\":\"https:\/\/auditiso.de\/de\/#\/schema\/person\/image\/\",\"url\":\"https:\/\/secure.gravatar.com\/avatar\/89898cfc3cb4dc6d7782fcd955179ebd47446145f4b7827e99ec78603be85eda?s=96&d=mm&r=g\",\"contentUrl\":\"https:\/\/secure.gravatar.com\/avatar\/89898cfc3cb4dc6d7782fcd955179ebd47446145f4b7827e99ec78603be85eda?s=96&d=mm&r=g\",\"caption\":\"Dennis Hain\"},\"logo\":{\"@id\":\"https:\/\/auditiso.de\/de\/#\/schema\/person\/image\/\"},\"sameAs\":[\"https:\/\/www.fusepro.de\"]}]}<\/script>\n<!-- \/ Yoast SEO plugin. -->","yoast_head_json":{"title":"Trainer aus der Praxis - Projektmanagement nach ISO21500","description":"Unsere projekterfahrene motivierende Trainer mit hoher fachlicher und sozialer Kompetenz sind das Geheimnis unserer mehrwertbringenden PM Seminare!","robots":{"index":"index","follow":"follow","max-snippet":"max-snippet:-1","max-image-preview":"max-image-preview:large","max-video-preview":"max-video-preview:-1"},"canonical":"https:\/\/auditiso.de\/de\/trainer-aus-der-praxis\/","og_locale":"de_DE","og_type":"article","og_title":"Trainer aus der Praxis - Projektmanagement nach ISO21500","og_description":"Unsere projekterfahrene motivierende Trainer mit hoher fachlicher und sozialer Kompetenz sind das Geheimnis unserer mehrwertbringenden PM Seminare!","og_url":"https:\/\/auditiso.de\/de\/trainer-aus-der-praxis\/","og_site_name":"AUDITISO - Home of ISO21500","article_modified_time":"2023-02-10T08:10:48+00:00","og_image":[{"width":960,"height":720,"url":"https:\/\/auditiso.de\/wp-content\/uploads\/2021\/10\/Trainer-Norbert-Daehne.jpg","type":"image\/jpeg"}],"twitter_card":"summary_large_image","twitter_misc":{"Gesch\u00e4tzte Lesezeit":"1\u00a0Minute"},"schema":{"@context":"https:\/\/schema.org","@graph":[{"@type":"WebPage","@id":"https:\/\/auditiso.de\/de\/trainer-aus-der-praxis\/","url":"https:\/\/auditiso.de\/de\/trainer-aus-der-praxis\/","name":"Trainer aus der Praxis - Projektmanagement nach ISO21500","isPartOf":{"@id":"https:\/\/auditiso.de\/de\/#website"},"primaryImageOfPage":{"@id":"https:\/\/auditiso.de\/de\/trainer-aus-der-praxis\/#primaryimage"},"image":{"@id":"https:\/\/auditiso.de\/de\/trainer-aus-der-praxis\/#primaryimage"},"thumbnailUrl":"https:\/\/auditiso.de\/wp-content\/uploads\/2021\/10\/Trainer-Norbert-Daehne.jpg","datePublished":"2021-10-07T18:45:46+00:00","dateModified":"2023-02-10T08:10:48+00:00","description":"Unsere projekterfahrene motivierende Trainer mit hoher fachlicher und sozialer Kompetenz sind das Geheimnis unserer mehrwertbringenden PM Seminare!","breadcrumb":{"@id":"https:\/\/auditiso.de\/de\/trainer-aus-der-praxis\/#breadcrumb"},"inLanguage":"de","potentialAction":[{"@type":"ReadAction","target":["https:\/\/auditiso.de\/de\/trainer-aus-der-praxis\/"]}]},{"@type":"ImageObject","inLanguage":"de","@id":"https:\/\/auditiso.de\/de\/trainer-aus-der-praxis\/#primaryimage","url":"https:\/\/auditiso.de\/wp-content\/uploads\/2021\/10\/Trainer-Norbert-Daehne.jpg","contentUrl":"https:\/\/auditiso.de\/wp-content\/uploads\/2021\/10\/Trainer-Norbert-Daehne.jpg","width":960,"height":720},{"@type":"BreadcrumbList","@id":"https:\/\/auditiso.de\/de\/trainer-aus-der-praxis\/#breadcrumb","itemListElement":[{"@type":"ListItem","position":1,"name":"Startseite","item":"https:\/\/auditiso.de\/de\/"},{"@type":"ListItem","position":2,"name":"Trainer aus der Praxis"}]},{"@type":"WebSite","@id":"https:\/\/auditiso.de\/de\/#website","url":"https:\/\/auditiso.de\/de\/","name":"new.iso21500.de","description":"neu: Projektmanagement nach ISO21502","publisher":{"@id":"https:\/\/auditiso.de\/de\/#\/schema\/person\/d7c7dd9f858427001b0c7db51c0b45ed"},"potentialAction":[{"@type":"SearchAction","target":{"@type":"EntryPoint","urlTemplate":"https:\/\/auditiso.de\/de\/?s={search_term_string}"},"query-input":{"@type":"PropertyValueSpecification","valueRequired":true,"valueName":"search_term_string"}}],"inLanguage":"de"},{"@type":["Person","Organization"],"@id":"https:\/\/auditiso.de\/de\/#\/schema\/person\/d7c7dd9f858427001b0c7db51c0b45ed","name":"Dennis Hain","image":{"@type":"ImageObject","inLanguage":"de","@id":"https:\/\/auditiso.de\/de\/#\/schema\/person\/image\/","url":"https:\/\/secure.gravatar.com\/avatar\/89898cfc3cb4dc6d7782fcd955179ebd47446145f4b7827e99ec78603be85eda?s=96&d=mm&r=g","contentUrl":"https:\/\/secure.gravatar.com\/avatar\/89898cfc3cb4dc6d7782fcd955179ebd47446145f4b7827e99ec78603be85eda?s=96&d=mm&r=g","caption":"Dennis Hain"},"logo":{"@id":"https:\/\/auditiso.de\/de\/#\/schema\/person\/image\/"},"sameAs":["https:\/\/www.fusepro.de"]}]}},"_links":{"self":[{"href":"https:\/\/auditiso.de\/de\/wp-json\/wp\/v2\/pages\/29","targetHints":{"allow":["GET"]}}],"collection":[{"href":"https:\/\/auditiso.de\/de\/wp-json\/wp\/v2\/pages"}],"about":[{"href":"https:\/\/auditiso.de\/de\/wp-json\/wp\/v2\/types\/page"}],"author":[{"embeddable":true,"href":"https:\/\/auditiso.de\/de\/wp-json\/wp\/v2\/users\/1"}],"replies":[{"embeddable":true,"href":"https:\/\/auditiso.de\/de\/wp-json\/wp\/v2\/comments?post=29"}],"version-history":[{"count":8,"href":"https:\/\/auditiso.de\/de\/wp-json\/wp\/v2\/pages\/29\/revisions"}],"predecessor-version":[{"id":1118,"href":"https:\/\/auditiso.de\/de\/wp-json\/wp\/v2\/pages\/29\/revisions\/1118"}],"wp:featuredmedia":[{"embeddable":true,"href":"https:\/\/auditiso.de\/de\/wp-json\/wp\/v2\/media\/411"}],"wp:attachment":[{"href":"https:\/\/auditiso.de\/de\/wp-json\/wp\/v2\/media?parent=29"}],"curies":[{"name":"wp","href":"https:\/\/api.w.org\/{rel}","templated":true}]}}