{"id":437,"date":"2021-10-11T02:03:46","date_gmt":"2021-10-11T00:03:46","guid":{"rendered":"https:\/\/auditiso.de\/?page_id=437"},"modified":"2021-11-07T16:47:01","modified_gmt":"2021-11-07T15:47:01","slug":"impressum","status":"publish","type":"page","link":"https:\/\/auditiso.de\/de\/impressum\/","title":{"rendered":"Impressum"},"content":{"rendered":"<div>\n<h2><strong>AUDITISO<\/strong><\/h2>\n<p><strong>Project Management Certification Organisation<\/strong><\/p>\n\n<p>Eine Kooperation von<\/p>\n\n<p><strong>fusePRO Online Marketing<\/strong><\/p>\n<p>und<\/p>\n<p><strong>TR<\/strong><strong>AVISION GmbH<\/strong><\/p>\n\n\n<p><strong>Gesch\u00e4ftszweck:&nbsp;<\/strong><\/p>\n<p>Die Kooperation wurde in 2019 gegr\u00fcndet mit dem Ziel, Projektmanagement einer breiten Zielgruppe n\u00e4her zu bringen, in Unternehmen und im pers\u00f6nlichen Leben zu f\u00f6rdern und mit den Leitlinien von ISO 21500 auf eine einfache verst\u00e4ndliche Basis zu stellen.<\/p>\n<p>Wir promoten, beraten, coachen, trainieren und zertifizieren Projektmanagement nach ISO&nbsp;21500.<\/p>\n<p>Unsere Reputation begr\u00fcndet sich auf eigenen Zertifizierungen nach PMI, ISO, SCRUM und ITIL, auf jahrzehntelangen Projektmanagement Erfahrungen in verschiedensten Branchen, Themen und Gr\u00f6\u00dfenordnungen sowie in einem aufgepr\u00e4gten unternehmerischen Denken und Handeln.<\/p>\n<\/div>\n<div>\n<h2><strong>fusePRO<\/strong><\/h2>\n<p><strong>Online Marketing Gesellschaft<\/strong><\/p>\n<p>Michael-Krost-Str. 7<\/p>\n<p>65203 Wiesbaden<\/p>\n<p>Telefon: +49 (0) 611 \/ 988 68 \u2013&nbsp;301<\/p>\n<p>Mail: info@fusepro.de<\/p>\n<p>Inhaber:&nbsp; Dennis Hain<\/p>\n<p>Eingetragen beim Amtsgericht Bingen-Alzey<\/p>\n<p>USt-IdNr gem\u00e4\u00df \u00a727a Umsatzsteuergesetz: DE814412520<\/p>\n\n<h2><strong>TR<\/strong><strong>AVISION GmbH<\/strong><\/h2>\n<p><strong>Projektmanagement Gesellschaft<\/strong><\/p>\n<p>Elsa-Br\u00e4ndstr\u00f6m-Str. 11<\/p>\n<p>65203 Wiesbaden<\/p>\n<p>Tel:&nbsp;+49 152 2166&nbsp;7606<\/p>\n<p><a href=\"mailto:norbert.daehne@travision.de\">Mail: info@travision.de<\/a><\/p>\n<p>Gesch\u00e4ftsf\u00fchrer Norbert Daehne<\/p>\n<p>Amtsgericht Wiesbaden \/ HRB:&nbsp;22780<\/p>\n<p>Ust-IdNr:&nbsp; DE254289016<\/p>\n<\/div>\n<p><!--more--><br>\n<!-- {\"name\":\"Layout Standard 2\",\"type\":\"layout\",\"children\":[{\"type\":\"section\",\"props\":{\"style\":\"secondary\",\"width\":\"default\",\"vertical_align\":\"middle\",\"title_position\":\"top-left\",\"title_rotation\":\"left\",\"title_breakpoint\":\"xl\",\"image_position\":\"bottom-left\",\"image\":\"wp-content\\\/uploads\\\/2021\\\/10\\\/laptop-g668fd0a2a_1920.jpg\",\"media_overlay\":\"rgba(144, 182, 227, 0.94)\",\"image_size\":\"cover\",\"padding\":\"large\"},\"children\":[{\"type\":\"row\",\"children\":[{\"type\":\"column\",\"props\":{\"image_position\":\"center-center\",\"media_overlay_gradient\":\"\"},\"children\":[{\"type\":\"headline\",\"props\":{\"title_element\":\"h1\",\"title_style\":\"heading-small\"},\"source\":{\"query\":{\"name\":\"pages.singlePage\"},\"props\":{\"content\":{\"filters\":{\"search\":\"\"},\"name\":\"title\"}}}}]}]}]},{\"type\":\"section\",\"props\":{\"style\":\"default\",\"width\":\"default\",\"vertical_align\":\"middle\",\"title_position\":\"top-left\",\"title_rotation\":\"left\",\"title_breakpoint\":\"xl\",\"image_position\":\"center-center\"},\"children\":[{\"type\":\"row\",\"children\":[{\"type\":\"column\",\"props\":{\"image_position\":\"center-center\",\"media_overlay_gradient\":\"\"},\"children\":[{\"type\":\"breadcrumbs\",\"props\":{\"show_home\":true,\"show_current\":true,\"home_text\":\"PM NACH ISO21500\"}}]}]},{\"type\":\"row\",\"props\":{\"layout\":\"1-2,1-2\"},\"children\":[{\"type\":\"column\",\"props\":{\"image_position\":\"center-center\",\"media_overlay_gradient\":\"\",\"width_medium\":\"1-2\"},\"children\":[{\"type\":\"text\",\"props\":{\"margin\":\"default\",\"column_breakpoint\":\"m\",\"content\":\"\n\n<h2><strong>AUDITISO<\\\/strong><\\\/h2>\\n\n\n<p><strong>Project Management Certification Organisation<\\\/strong><\\\/p>\\n\n\n<p><\\\/p>\\n\n\n<p>Eine Kooperation von<\\\/p>\\n\n\n<p><\\\/p>\\n\n\n<p><strong>fusePRO Online Marketing<\\\/strong><\\\/p>\\n\n\n<p>und<\\\/p>\\n\n\n<p><strong>TR<\\\/strong><strong>AVISION GmbH<\\\/strong><\\\/p>\\n\n\n<p><\\\/p>\\n\n\n<p><\\\/p>\\n\n\n<p><\\\/p>\\n\n\n<p><strong>Gesch\\u00e4ftszweck:\\u00a0<\\\/strong><\\\/p>\\n\n\n<p>Die Kooperation wurde in 2019 gegr\\u00fcndet mit dem Ziel, Projektmanagement einer breiten Zielgruppe n\\u00e4her zu bringen, in Unternehmen und im pers\\u00f6nlichen Leben zu f\\u00f6rdern und mit den Leitlinien von ISO 21500 auf eine einfache verst\\u00e4ndliche Basis zu stellen.<\\\/p>\\n\n\n<p>Wir promoten, beraten, coachen, trainieren und zertifizieren Projektmanagement nach ISO 21500.<\\\/p>\\n\n\n<p>Unsere Reputation begr\\u00fcndet sich auf eigenen Zertifizierungen nach PMI, ISO, SCRUM und ITIL, auf jahrzehntelangen Projektmanagement Erfahrungen in verschiedensten Branchen, Themen und Gr\\u00f6\\u00dfenordnungen sowie in einem aufgepr\\u00e4gten unternehmerischen Denken und Handeln.<\\\/p>\"}}]},{\"type\":\"column\",\"props\":{\"image_position\":\"center-center\",\"media_overlay_gradient\":\"\",\"width_medium\":\"1-2\"},\"children\":[{\"type\":\"text\",\"props\":{\"margin\":\"default\",\"column_breakpoint\":\"m\",\"content\":\"\n\n<h2><strong>fusePRO<\\\/strong><\\\/h2>\\n\n\n<p><strong>Online Marketing Gesellschaft<\\\/strong><\\\/p>\\n\n\n<p>Michael-Krost-Str. 7<\\\/p>\\n\n\n<p>65203 Wiesbaden<\\\/p>\\n\n\n<p>Telefon: +49 (0) 611 \\\/ 988 68 \\u2013 301<\\\/p>\\n\n\n<p>Mail: info@fusepro.de<\\\/p>\\n\n\n<p>Inhaber:\\u00a0 Dennis Hain<\\\/p>\\n\n\n<p>Eingetragen beim Amtsgericht Bingen-Alzey<\\\/p>\\n\n\n<p>USt-IdNr gem\\u00e4\\u00df \\u00a727a Umsatzsteuergesetz: DE814412520<\\\/p>\\n\n\n<p><\\\/p>\\n\n\n<h2><strong>TR<\\\/strong><strong>AVISION GmbH<\\\/strong><\\\/h2>\\n\n\n<p><strong>Projektmanagement Gesellschaft<\\\/strong><\\\/p>\\n\n\n<p>Elsa-Br\\u00e4ndstr\\u00f6m-Str. 11<\\\/p>\\n\n\n<p>65203 Wiesbaden<\\\/p>\\n\n\n<p>Tel:\\u00a0+49 152 2166 7606<\\\/p>\\n\n\n<p><a href=\\\"mailto:norbert.daehne@travision.de\\\">Mail: info@travision.de<\\\/a><\\\/p>\\n\n\n<p>Gesch\\u00e4ftsf\\u00fchrer Norbert Daehne<\\\/p>\\n\n\n<p>Amtsgericht Wiesbaden \\\/ HRB: 22780<\\\/p>\\n\n\n<p>Ust-IdNr:\\u00a0 DE254289016<\\\/p>\"}}]}]}]}],\"version\":\"2.6.2\"} --><\/p>\n","protected":false},"excerpt":{"rendered":"<p>AUDITISO Project Management Certification Organisation Eine Kooperation von fusePRO Online Marketing und TRAVISION GmbH Gesch\u00e4ftszweck:&nbsp; Die Kooperation wurde in 2019 gegr\u00fcndet mit dem Ziel, Projektmanagement einer breiten Zielgruppe n\u00e4her zu bringen, in Unternehmen und im pers\u00f6nlichen Leben zu f\u00f6rdern und mit den Leitlinien von ISO 21500 auf eine einfache verst\u00e4ndliche Basis zu stellen. Wir promoten,&nbsp;[\u2026]<\/p>\n","protected":false},"author":1,"featured_media":0,"parent":0,"menu_order":0,"comment_status":"closed","ping_status":"closed","template":"","meta":{"wp_typography_post_enhancements_disabled":false,"footnotes":""},"class_list":["post-437","page","type-page","status-publish","hentry"],"yoast_head":"<!-- This site is optimized with the Yoast SEO plugin v26.5 - https:\/\/yoast.com\/wordpress\/plugins\/seo\/ -->\n<title>Impressum - Projektmanagement nach ISO21500<\/title>\n<meta name=\"description\" content=\"Hier finden Sie unser Impressum nach den aktuell geltenden Vorschriften.\" \/>\n<meta name=\"robots\" content=\"index, follow, max-snippet:-1, max-image-preview:large, max-video-preview:-1\" \/>\n<link rel=\"canonical\" href=\"https:\/\/auditiso.de\/de\/impressum\/\" \/>\n<meta property=\"og:locale\" content=\"de_DE\" \/>\n<meta property=\"og:type\" content=\"article\" \/>\n<meta property=\"og:title\" content=\"Impressum - Projektmanagement nach ISO21500\" \/>\n<meta property=\"og:description\" content=\"Hier finden Sie unser Impressum nach den aktuell geltenden Vorschriften.\" \/>\n<meta property=\"og:url\" content=\"https:\/\/auditiso.de\/de\/impressum\/\" \/>\n<meta property=\"og:site_name\" content=\"AUDITISO - Home of ISO21500\" \/>\n<meta property=\"article:modified_time\" content=\"2021-11-07T15:47:01+00:00\" \/>\n<meta name=\"twitter:card\" content=\"summary_large_image\" \/>\n<meta name=\"twitter:label1\" content=\"Gesch\u00e4tzte Lesezeit\" \/>\n\t<meta name=\"twitter:data1\" content=\"1\u00a0Minute\" \/>\n<script type=\"application\/ld+json\" class=\"yoast-schema-graph\">{\"@context\":\"https:\/\/schema.org\",\"@graph\":[{\"@type\":\"WebPage\",\"@id\":\"https:\/\/auditiso.de\/de\/impressum\/\",\"url\":\"https:\/\/auditiso.de\/de\/impressum\/\",\"name\":\"Impressum - Projektmanagement nach ISO21500\",\"isPartOf\":{\"@id\":\"https:\/\/auditiso.de\/de\/#website\"},\"datePublished\":\"2021-10-11T00:03:46+00:00\",\"dateModified\":\"2021-11-07T15:47:01+00:00\",\"description\":\"Hier finden Sie unser Impressum nach den aktuell geltenden Vorschriften.\",\"breadcrumb\":{\"@id\":\"https:\/\/auditiso.de\/de\/impressum\/#breadcrumb\"},\"inLanguage\":\"de\",\"potentialAction\":[{\"@type\":\"ReadAction\",\"target\":[\"https:\/\/auditiso.de\/de\/impressum\/\"]}]},{\"@type\":\"BreadcrumbList\",\"@id\":\"https:\/\/auditiso.de\/de\/impressum\/#breadcrumb\",\"itemListElement\":[{\"@type\":\"ListItem\",\"position\":1,\"name\":\"Startseite\",\"item\":\"https:\/\/auditiso.de\/de\/\"},{\"@type\":\"ListItem\",\"position\":2,\"name\":\"Impressum\"}]},{\"@type\":\"WebSite\",\"@id\":\"https:\/\/auditiso.de\/de\/#website\",\"url\":\"https:\/\/auditiso.de\/de\/\",\"name\":\"new.iso21500.de\",\"description\":\"neu: Projektmanagement nach ISO21502\",\"publisher\":{\"@id\":\"https:\/\/auditiso.de\/de\/#\/schema\/person\/d7c7dd9f858427001b0c7db51c0b45ed\"},\"potentialAction\":[{\"@type\":\"SearchAction\",\"target\":{\"@type\":\"EntryPoint\",\"urlTemplate\":\"https:\/\/auditiso.de\/de\/?s={search_term_string}\"},\"query-input\":{\"@type\":\"PropertyValueSpecification\",\"valueRequired\":true,\"valueName\":\"search_term_string\"}}],\"inLanguage\":\"de\"},{\"@type\":[\"Person\",\"Organization\"],\"@id\":\"https:\/\/auditiso.de\/de\/#\/schema\/person\/d7c7dd9f858427001b0c7db51c0b45ed\",\"name\":\"Dennis Hain\",\"image\":{\"@type\":\"ImageObject\",\"inLanguage\":\"de\",\"@id\":\"https:\/\/auditiso.de\/de\/#\/schema\/person\/image\/\",\"url\":\"https:\/\/secure.gravatar.com\/avatar\/89898cfc3cb4dc6d7782fcd955179ebd47446145f4b7827e99ec78603be85eda?s=96&d=mm&r=g\",\"contentUrl\":\"https:\/\/secure.gravatar.com\/avatar\/89898cfc3cb4dc6d7782fcd955179ebd47446145f4b7827e99ec78603be85eda?s=96&d=mm&r=g\",\"caption\":\"Dennis Hain\"},\"logo\":{\"@id\":\"https:\/\/auditiso.de\/de\/#\/schema\/person\/image\/\"},\"sameAs\":[\"https:\/\/www.fusepro.de\"]}]}<\/script>\n<!-- \/ Yoast SEO plugin. -->","yoast_head_json":{"title":"Impressum - Projektmanagement nach ISO21500","description":"Hier finden Sie unser Impressum nach den aktuell geltenden Vorschriften.","robots":{"index":"index","follow":"follow","max-snippet":"max-snippet:-1","max-image-preview":"max-image-preview:large","max-video-preview":"max-video-preview:-1"},"canonical":"https:\/\/auditiso.de\/de\/impressum\/","og_locale":"de_DE","og_type":"article","og_title":"Impressum - Projektmanagement nach ISO21500","og_description":"Hier finden Sie unser Impressum nach den aktuell geltenden Vorschriften.","og_url":"https:\/\/auditiso.de\/de\/impressum\/","og_site_name":"AUDITISO - Home of ISO21500","article_modified_time":"2021-11-07T15:47:01+00:00","twitter_card":"summary_large_image","twitter_misc":{"Gesch\u00e4tzte Lesezeit":"1\u00a0Minute"},"schema":{"@context":"https:\/\/schema.org","@graph":[{"@type":"WebPage","@id":"https:\/\/auditiso.de\/de\/impressum\/","url":"https:\/\/auditiso.de\/de\/impressum\/","name":"Impressum - Projektmanagement nach ISO21500","isPartOf":{"@id":"https:\/\/auditiso.de\/de\/#website"},"datePublished":"2021-10-11T00:03:46+00:00","dateModified":"2021-11-07T15:47:01+00:00","description":"Hier finden Sie unser Impressum nach den aktuell geltenden Vorschriften.","breadcrumb":{"@id":"https:\/\/auditiso.de\/de\/impressum\/#breadcrumb"},"inLanguage":"de","potentialAction":[{"@type":"ReadAction","target":["https:\/\/auditiso.de\/de\/impressum\/"]}]},{"@type":"BreadcrumbList","@id":"https:\/\/auditiso.de\/de\/impressum\/#breadcrumb","itemListElement":[{"@type":"ListItem","position":1,"name":"Startseite","item":"https:\/\/auditiso.de\/de\/"},{"@type":"ListItem","position":2,"name":"Impressum"}]},{"@type":"WebSite","@id":"https:\/\/auditiso.de\/de\/#website","url":"https:\/\/auditiso.de\/de\/","name":"new.iso21500.de","description":"neu: Projektmanagement nach ISO21502","publisher":{"@id":"https:\/\/auditiso.de\/de\/#\/schema\/person\/d7c7dd9f858427001b0c7db51c0b45ed"},"potentialAction":[{"@type":"SearchAction","target":{"@type":"EntryPoint","urlTemplate":"https:\/\/auditiso.de\/de\/?s={search_term_string}"},"query-input":{"@type":"PropertyValueSpecification","valueRequired":true,"valueName":"search_term_string"}}],"inLanguage":"de"},{"@type":["Person","Organization"],"@id":"https:\/\/auditiso.de\/de\/#\/schema\/person\/d7c7dd9f858427001b0c7db51c0b45ed","name":"Dennis Hain","image":{"@type":"ImageObject","inLanguage":"de","@id":"https:\/\/auditiso.de\/de\/#\/schema\/person\/image\/","url":"https:\/\/secure.gravatar.com\/avatar\/89898cfc3cb4dc6d7782fcd955179ebd47446145f4b7827e99ec78603be85eda?s=96&d=mm&r=g","contentUrl":"https:\/\/secure.gravatar.com\/avatar\/89898cfc3cb4dc6d7782fcd955179ebd47446145f4b7827e99ec78603be85eda?s=96&d=mm&r=g","caption":"Dennis Hain"},"logo":{"@id":"https:\/\/auditiso.de\/de\/#\/schema\/person\/image\/"},"sameAs":["https:\/\/www.fusepro.de"]}]}},"_links":{"self":[{"href":"https:\/\/auditiso.de\/de\/wp-json\/wp\/v2\/pages\/437","targetHints":{"allow":["GET"]}}],"collection":[{"href":"https:\/\/auditiso.de\/de\/wp-json\/wp\/v2\/pages"}],"about":[{"href":"https:\/\/auditiso.de\/de\/wp-json\/wp\/v2\/types\/page"}],"author":[{"embeddable":true,"href":"https:\/\/auditiso.de\/de\/wp-json\/wp\/v2\/users\/1"}],"replies":[{"embeddable":true,"href":"https:\/\/auditiso.de\/de\/wp-json\/wp\/v2\/comments?post=437"}],"version-history":[{"count":5,"href":"https:\/\/auditiso.de\/de\/wp-json\/wp\/v2\/pages\/437\/revisions"}],"predecessor-version":[{"id":665,"href":"https:\/\/auditiso.de\/de\/wp-json\/wp\/v2\/pages\/437\/revisions\/665"}],"wp:attachment":[{"href":"https:\/\/auditiso.de\/de\/wp-json\/wp\/v2\/media?parent=437"}],"curies":[{"name":"wp","href":"https:\/\/api.w.org\/{rel}","templated":true}]}}