{"id":51,"date":"2021-10-07T20:48:41","date_gmt":"2021-10-07T18:48:41","guid":{"rendered":"https:\/\/auditiso.de\/?page_id=51"},"modified":"2022-11-18T09:16:54","modified_gmt":"2022-11-18T08:16:54","slug":"service","status":"publish","type":"page","link":"https:\/\/auditiso.de\/de\/service\/","title":{"rendered":"Service"},"content":{"rendered":"<h2><strong>Beratung, Coaching, Moderation, Seminare, Hilfestellung<\/strong><span>, <\/span><strong>Zertifizierung, Werkezuge und&nbsp;Tools<\/strong><\/h2>\n<div>\n<p>Wir helfen Ihnen, das eigene Projektmanagement professionell aufzustellen bzw. weiter zu verbessern. Unsere Leitlinien hierzu sind die Empfehlungen von ISO 21500 sowie in vielf\u00e4ltige Praxiserfahrungen.<\/p>\n<p>Unsere Services umfassen:<\/p>\n<ul>\n<li>Beratung beim Aufbau und Ausrichtung von Projektmanagement&nbsp;<\/li>\n<li>Ausbildung und Coaching von Projektleitern<\/li>\n<li>Planung von Projekten<\/li>\n<li>Audits von Projekten<\/li>\n<li>Zertifizierung von Unternehmen und Personen<\/li>\n<li>Erstellung von Projekthandb\u00fcchern<\/li>\n<li>Bereitstellung von Unterlagen<\/li>\n<\/ul>\n<p>Unser Beratungs- und Serviceteam besteht aus exzellenten Projektmanagern und Consultants, die in unserem Netzwerk von Selbst\u00e4ndigen und Keyplayern befreundeter Unternehmen verf\u00fcgbar sind.&nbsp;&nbsp;&nbsp;Pr\u00fcfen Sie beispielhaft das Profil von Norbert Daehne \u2013 und vergleichen Sie es mit anderen! <a href=\"http:\/\/www.travision.de\/downloads\/cv-Norbert-Daehne-2020-PM+Berater+Coach+Trainer.pdf\" target=\"_blank\" rel=\"noreferrer noopener\">Klick hier!<\/a><\/p>\n\n<\/div>\n<p><img decoding=\"async\" src=\"\/wp-content\/uploads\/2021\/10\/meeting-g280fe7a20_1920.jpg\" alt><\/p>\n<p><!--more--><br>\n<!-- {\"name\":\"Layout Standart Vorlage\",\"type\":\"layout\",\"children\":[{\"type\":\"section\",\"props\":{\"style\":\"secondary\",\"width\":\"default\",\"vertical_align\":\"middle\",\"title_position\":\"top-left\",\"title_rotation\":\"left\",\"title_breakpoint\":\"xl\",\"image_position\":\"bottom-left\",\"image\":\"wp-content\\\/uploads\\\/2021\\\/10\\\/laptop-g668fd0a2a_1920.jpg\",\"media_overlay\":\"rgba(144, 182, 227, 0.94)\",\"image_size\":\"cover\",\"padding\":\"large\"},\"children\":[{\"type\":\"row\",\"children\":[{\"type\":\"column\",\"props\":{\"image_position\":\"center-center\",\"media_overlay_gradient\":\"\",\"position_sticky_breakpoint\":\"m\"},\"children\":[{\"type\":\"headline\",\"props\":{\"title_element\":\"h1\",\"title_style\":\"heading-small\"},\"source\":{\"query\":{\"name\":\"pages.singlePage\"},\"props\":{\"content\":{\"filters\":{\"search\":\"\"},\"name\":\"title\"}}}}]}]}]},{\"type\":\"section\",\"props\":{\"style\":\"default\",\"width\":\"default\",\"vertical_align\":\"middle\",\"title_position\":\"top-left\",\"title_rotation\":\"left\",\"title_breakpoint\":\"xl\",\"image_position\":\"center-center\"},\"children\":[{\"type\":\"row\",\"children\":[{\"type\":\"column\",\"props\":{\"image_position\":\"center-center\",\"media_overlay_gradient\":\"\",\"position_sticky_breakpoint\":\"m\"},\"children\":[{\"type\":\"breadcrumbs\",\"props\":{\"show_home\":true,\"show_current\":true}}]}]},{\"type\":\"row\",\"props\":{\"layout\":\"2-3,1-3\"},\"children\":[{\"type\":\"column\",\"props\":{\"image_position\":\"center-center\",\"media_overlay_gradient\":\"\",\"width_medium\":\"2-3\",\"position_sticky_breakpoint\":\"m\"},\"children\":[{\"type\":\"headline\",\"props\":{\"title_element\":\"h2\",\"content\":\"<strong>Beratung, Coaching, Moderation, Seminare, Hilfestellung<\\\/strong><span>, <\\\/span><strong>Zertifizierung, Werkezuge und Tools<\\\/strong>\",\"title_style\":\"h3\"}},{\"type\":\"text\",\"props\":{\"margin\":\"default\",\"column_breakpoint\":\"m\",\"content\":\"\n\n<p>Wir helfen Ihnen, das eigene Projektmanagement professionell aufzustellen bzw. weiter zu verbessern. Unsere Leitlinien hierzu sind die Empfehlungen von ISO 21500 sowie in vielf\\u00e4ltige Praxiserfahrungen.<\\\/p>\\n\n\n<p>Unsere Services umfassen:<\\\/p>\\n\n\n<ul>\\n\n\n<li>Beratung beim Aufbau und Ausrichtung von Projektmanagement\\u00a0<\\\/li>\\n\n\n<li>Ausbildung und Coaching von Projektleitern<\\\/li>\\n\n\n<li>Planung von Projekten<\\\/li>\\n\n\n<li>Audits von Projekten<\\\/li>\\n\n\n<li>Zertifizierung von Unternehmen und Personen<\\\/li>\\n\n\n<li>Erstellung von Projekthandb\\u00fcchern<\\\/li>\\n\n\n<li>Bereitstellung von Unterlagen<\\\/li>\\n<\\\/ul>\\n\n\n<p>Unser Beratungs- und Serviceteam besteht aus exzellenten Projektmanagern und Consultants, die in unserem Netzwerk von Selbst\\u00e4ndigen und Keyplayern befreundeter Unternehmen verf\\u00fcgbar sind.\\u00a0\\u00a0\\u00a0Pr\\u00fcfen Sie beispielhaft das Profil von Norbert Daehne \\u2013 und vergleichen Sie es mit anderen! <a href=\\\"http:\\\/\\\/www.travision.de\\\/downloads\\\/cv-Norbert-Daehne-2020-PM+Berater+Coach+Trainer.pdf\\\" target=\\\"_blank\\\" rel=\\\"noreferrer noopener\\\">Klick hier!<\\\/a><\\\/p>\\n\n\n<p><\\\/p>\"}}]},{\"type\":\"column\",\"props\":{\"image_position\":\"center-center\",\"media_overlay_gradient\":\"\",\"width_medium\":\"1-3\",\"position_sticky_breakpoint\":\"m\"},\"children\":[{\"type\":\"image\",\"props\":{\"margin\":\"default\",\"image_svg_color\":\"emphasis\",\"image\":\"wp-content\\\/uploads\\\/2021\\\/10\\\/meeting-g280fe7a20_1920.jpg\"}}]}]}]}],\"version\":\"2.7.22\"} --><\/p>\n","protected":false},"excerpt":{"rendered":"<p>Beratung, Coaching, Moderation, Seminare, Hilfestellung, Zertifizierung, Werkezuge und&nbsp;Tools Wir helfen Ihnen, das eigene Projektmanagement professionell aufzustellen bzw. weiter zu verbessern. Unsere Leitlinien hierzu sind die Empfehlungen von ISO 21500 sowie in vielf\u00e4ltige Praxiserfahrungen. Unsere Services umfassen: Beratung beim Aufbau und Ausrichtung von Projektmanagement&nbsp; Ausbildung und Coaching von Projektleitern Planung von Projekten Audits von Projekten Zertifizierung&nbsp;[\u2026]<\/p>\n","protected":false},"author":1,"featured_media":590,"parent":0,"menu_order":0,"comment_status":"closed","ping_status":"closed","template":"","meta":{"wp_typography_post_enhancements_disabled":false,"footnotes":""},"class_list":["post-51","page","type-page","status-publish","has-post-thumbnail","hentry"],"yoast_head":"<!-- This site is optimized with the Yoast SEO plugin v26.5 - https:\/\/yoast.com\/wordpress\/plugins\/seo\/ -->\n<title>Service - Projektmanagement nach ISO21500<\/title>\n<meta name=\"robots\" content=\"index, follow, max-snippet:-1, max-image-preview:large, max-video-preview:-1\" \/>\n<link rel=\"canonical\" href=\"https:\/\/auditiso.de\/de\/service\/\" \/>\n<meta property=\"og:locale\" content=\"de_DE\" \/>\n<meta property=\"og:type\" content=\"article\" \/>\n<meta property=\"og:title\" content=\"Service - Projektmanagement nach ISO21500\" \/>\n<meta property=\"og:description\" content=\"Beratung, Coaching, Moderation, Seminare, Hilfestellung, Zertifizierung, Werkezuge und&nbsp;Tools Wir helfen Ihnen, das eigene Projektmanagement professionell aufzustellen bzw. weiter zu verbessern. Unsere Leitlinien hierzu sind die Empfehlungen von ISO 21500 sowie in vielf\u00e4ltige Praxiserfahrungen. Unsere Services umfassen: Beratung beim Aufbau und Ausrichtung von Projektmanagement&nbsp; Ausbildung und Coaching von Projektleitern Planung von Projekten Audits von Projekten Zertifizierung [&hellip;]\" \/>\n<meta property=\"og:url\" content=\"https:\/\/auditiso.de\/de\/service\/\" \/>\n<meta property=\"og:site_name\" content=\"AUDITISO - Home of ISO21500\" \/>\n<meta property=\"article:modified_time\" content=\"2022-11-18T08:16:54+00:00\" \/>\n<meta property=\"og:image\" content=\"https:\/\/auditiso.de\/wp-content\/uploads\/2021\/10\/168.png.jpg\" \/>\n\t<meta property=\"og:image:width\" content=\"1520\" \/>\n\t<meta property=\"og:image:height\" content=\"1457\" \/>\n\t<meta property=\"og:image:type\" content=\"image\/jpeg\" \/>\n<meta name=\"twitter:card\" content=\"summary_large_image\" \/>\n<meta name=\"twitter:label1\" content=\"Gesch\u00e4tzte Lesezeit\" \/>\n\t<meta name=\"twitter:data1\" content=\"1\u00a0Minute\" \/>\n<script type=\"application\/ld+json\" class=\"yoast-schema-graph\">{\"@context\":\"https:\/\/schema.org\",\"@graph\":[{\"@type\":\"WebPage\",\"@id\":\"https:\/\/auditiso.de\/de\/service\/\",\"url\":\"https:\/\/auditiso.de\/de\/service\/\",\"name\":\"Service - Projektmanagement nach ISO21500\",\"isPartOf\":{\"@id\":\"https:\/\/auditiso.de\/de\/#website\"},\"primaryImageOfPage\":{\"@id\":\"https:\/\/auditiso.de\/de\/service\/#primaryimage\"},\"image\":{\"@id\":\"https:\/\/auditiso.de\/de\/service\/#primaryimage\"},\"thumbnailUrl\":\"https:\/\/auditiso.de\/wp-content\/uploads\/2021\/10\/168.png.jpg\",\"datePublished\":\"2021-10-07T18:48:41+00:00\",\"dateModified\":\"2022-11-18T08:16:54+00:00\",\"breadcrumb\":{\"@id\":\"https:\/\/auditiso.de\/de\/service\/#breadcrumb\"},\"inLanguage\":\"de\",\"potentialAction\":[{\"@type\":\"ReadAction\",\"target\":[\"https:\/\/auditiso.de\/de\/service\/\"]}]},{\"@type\":\"ImageObject\",\"inLanguage\":\"de\",\"@id\":\"https:\/\/auditiso.de\/de\/service\/#primaryimage\",\"url\":\"https:\/\/auditiso.de\/wp-content\/uploads\/2021\/10\/168.png.jpg\",\"contentUrl\":\"https:\/\/auditiso.de\/wp-content\/uploads\/2021\/10\/168.png.jpg\",\"width\":1520,\"height\":1457},{\"@type\":\"BreadcrumbList\",\"@id\":\"https:\/\/auditiso.de\/de\/service\/#breadcrumb\",\"itemListElement\":[{\"@type\":\"ListItem\",\"position\":1,\"name\":\"Startseite\",\"item\":\"https:\/\/auditiso.de\/de\/\"},{\"@type\":\"ListItem\",\"position\":2,\"name\":\"Service\"}]},{\"@type\":\"WebSite\",\"@id\":\"https:\/\/auditiso.de\/de\/#website\",\"url\":\"https:\/\/auditiso.de\/de\/\",\"name\":\"new.iso21500.de\",\"description\":\"neu: Projektmanagement nach ISO21502\",\"publisher\":{\"@id\":\"https:\/\/auditiso.de\/de\/#\/schema\/person\/d7c7dd9f858427001b0c7db51c0b45ed\"},\"potentialAction\":[{\"@type\":\"SearchAction\",\"target\":{\"@type\":\"EntryPoint\",\"urlTemplate\":\"https:\/\/auditiso.de\/de\/?s={search_term_string}\"},\"query-input\":{\"@type\":\"PropertyValueSpecification\",\"valueRequired\":true,\"valueName\":\"search_term_string\"}}],\"inLanguage\":\"de\"},{\"@type\":[\"Person\",\"Organization\"],\"@id\":\"https:\/\/auditiso.de\/de\/#\/schema\/person\/d7c7dd9f858427001b0c7db51c0b45ed\",\"name\":\"Dennis Hain\",\"image\":{\"@type\":\"ImageObject\",\"inLanguage\":\"de\",\"@id\":\"https:\/\/auditiso.de\/de\/#\/schema\/person\/image\/\",\"url\":\"https:\/\/secure.gravatar.com\/avatar\/89898cfc3cb4dc6d7782fcd955179ebd47446145f4b7827e99ec78603be85eda?s=96&d=mm&r=g\",\"contentUrl\":\"https:\/\/secure.gravatar.com\/avatar\/89898cfc3cb4dc6d7782fcd955179ebd47446145f4b7827e99ec78603be85eda?s=96&d=mm&r=g\",\"caption\":\"Dennis Hain\"},\"logo\":{\"@id\":\"https:\/\/auditiso.de\/de\/#\/schema\/person\/image\/\"},\"sameAs\":[\"https:\/\/www.fusepro.de\"]}]}<\/script>\n<!-- \/ Yoast SEO plugin. -->","yoast_head_json":{"title":"Service - Projektmanagement nach ISO21500","robots":{"index":"index","follow":"follow","max-snippet":"max-snippet:-1","max-image-preview":"max-image-preview:large","max-video-preview":"max-video-preview:-1"},"canonical":"https:\/\/auditiso.de\/de\/service\/","og_locale":"de_DE","og_type":"article","og_title":"Service - Projektmanagement nach ISO21500","og_description":"Beratung, Coaching, Moderation, Seminare, Hilfestellung, Zertifizierung, Werkezuge und&nbsp;Tools Wir helfen Ihnen, das eigene Projektmanagement professionell aufzustellen bzw. weiter zu verbessern. Unsere Leitlinien hierzu sind die Empfehlungen von ISO 21500 sowie in vielf\u00e4ltige Praxiserfahrungen. Unsere Services umfassen: Beratung beim Aufbau und Ausrichtung von Projektmanagement&nbsp; Ausbildung und Coaching von Projektleitern Planung von Projekten Audits von Projekten Zertifizierung [&hellip;]","og_url":"https:\/\/auditiso.de\/de\/service\/","og_site_name":"AUDITISO - Home of ISO21500","article_modified_time":"2022-11-18T08:16:54+00:00","og_image":[{"width":1520,"height":1457,"url":"https:\/\/auditiso.de\/wp-content\/uploads\/2021\/10\/168.png.jpg","type":"image\/jpeg"}],"twitter_card":"summary_large_image","twitter_misc":{"Gesch\u00e4tzte Lesezeit":"1\u00a0Minute"},"schema":{"@context":"https:\/\/schema.org","@graph":[{"@type":"WebPage","@id":"https:\/\/auditiso.de\/de\/service\/","url":"https:\/\/auditiso.de\/de\/service\/","name":"Service - Projektmanagement nach ISO21500","isPartOf":{"@id":"https:\/\/auditiso.de\/de\/#website"},"primaryImageOfPage":{"@id":"https:\/\/auditiso.de\/de\/service\/#primaryimage"},"image":{"@id":"https:\/\/auditiso.de\/de\/service\/#primaryimage"},"thumbnailUrl":"https:\/\/auditiso.de\/wp-content\/uploads\/2021\/10\/168.png.jpg","datePublished":"2021-10-07T18:48:41+00:00","dateModified":"2022-11-18T08:16:54+00:00","breadcrumb":{"@id":"https:\/\/auditiso.de\/de\/service\/#breadcrumb"},"inLanguage":"de","potentialAction":[{"@type":"ReadAction","target":["https:\/\/auditiso.de\/de\/service\/"]}]},{"@type":"ImageObject","inLanguage":"de","@id":"https:\/\/auditiso.de\/de\/service\/#primaryimage","url":"https:\/\/auditiso.de\/wp-content\/uploads\/2021\/10\/168.png.jpg","contentUrl":"https:\/\/auditiso.de\/wp-content\/uploads\/2021\/10\/168.png.jpg","width":1520,"height":1457},{"@type":"BreadcrumbList","@id":"https:\/\/auditiso.de\/de\/service\/#breadcrumb","itemListElement":[{"@type":"ListItem","position":1,"name":"Startseite","item":"https:\/\/auditiso.de\/de\/"},{"@type":"ListItem","position":2,"name":"Service"}]},{"@type":"WebSite","@id":"https:\/\/auditiso.de\/de\/#website","url":"https:\/\/auditiso.de\/de\/","name":"new.iso21500.de","description":"neu: Projektmanagement nach ISO21502","publisher":{"@id":"https:\/\/auditiso.de\/de\/#\/schema\/person\/d7c7dd9f858427001b0c7db51c0b45ed"},"potentialAction":[{"@type":"SearchAction","target":{"@type":"EntryPoint","urlTemplate":"https:\/\/auditiso.de\/de\/?s={search_term_string}"},"query-input":{"@type":"PropertyValueSpecification","valueRequired":true,"valueName":"search_term_string"}}],"inLanguage":"de"},{"@type":["Person","Organization"],"@id":"https:\/\/auditiso.de\/de\/#\/schema\/person\/d7c7dd9f858427001b0c7db51c0b45ed","name":"Dennis Hain","image":{"@type":"ImageObject","inLanguage":"de","@id":"https:\/\/auditiso.de\/de\/#\/schema\/person\/image\/","url":"https:\/\/secure.gravatar.com\/avatar\/89898cfc3cb4dc6d7782fcd955179ebd47446145f4b7827e99ec78603be85eda?s=96&d=mm&r=g","contentUrl":"https:\/\/secure.gravatar.com\/avatar\/89898cfc3cb4dc6d7782fcd955179ebd47446145f4b7827e99ec78603be85eda?s=96&d=mm&r=g","caption":"Dennis Hain"},"logo":{"@id":"https:\/\/auditiso.de\/de\/#\/schema\/person\/image\/"},"sameAs":["https:\/\/www.fusepro.de"]}]}},"_links":{"self":[{"href":"https:\/\/auditiso.de\/de\/wp-json\/wp\/v2\/pages\/51","targetHints":{"allow":["GET"]}}],"collection":[{"href":"https:\/\/auditiso.de\/de\/wp-json\/wp\/v2\/pages"}],"about":[{"href":"https:\/\/auditiso.de\/de\/wp-json\/wp\/v2\/types\/page"}],"author":[{"embeddable":true,"href":"https:\/\/auditiso.de\/de\/wp-json\/wp\/v2\/users\/1"}],"replies":[{"embeddable":true,"href":"https:\/\/auditiso.de\/de\/wp-json\/wp\/v2\/comments?post=51"}],"version-history":[{"count":10,"href":"https:\/\/auditiso.de\/de\/wp-json\/wp\/v2\/pages\/51\/revisions"}],"predecessor-version":[{"id":1081,"href":"https:\/\/auditiso.de\/de\/wp-json\/wp\/v2\/pages\/51\/revisions\/1081"}],"wp:featuredmedia":[{"embeddable":true,"href":"https:\/\/auditiso.de\/de\/wp-json\/wp\/v2\/media\/590"}],"wp:attachment":[{"href":"https:\/\/auditiso.de\/de\/wp-json\/wp\/v2\/media?parent=51"}],"curies":[{"name":"wp","href":"https:\/\/api.w.org\/{rel}","templated":true}]}}