{"id":7,"date":"2021-10-07T20:42:59","date_gmt":"2021-10-07T18:42:59","guid":{"rendered":"https:\/\/auditiso.de\/?page_id=7"},"modified":"2021-10-23T11:05:36","modified_gmt":"2021-10-23T09:05:36","slug":"ueber-iso-21500","status":"publish","type":"page","link":"https:\/\/auditiso.de\/de\/ueber-iso-21500\/","title":{"rendered":"Projektmanagement nach ISO&nbsp;21500"},"content":{"rendered":"\n<p><strong>Projektmanagement nach ISO<\/strong>&nbsp; und die Plattform ISO21500.de orientiert sich an den \u201e<a href=\"https:\/\/www.amazon.de\/s?k=iso+21500+d%C3%A4hne&amp;i=stripbooks&amp;dc&amp;__mk_de_DE=%C3%85M%C3%85%C5%BD%C3%95%C3%91&amp;ref=a9_sc_1\" target=\"_blank\" rel=\"noreferrer noopener\">Leitlinien zum Projektmanagement<\/a>\u201c ISO 21500:2012. Sie beschreiben Begriffe, Grundlagen, Prozesse und Themengruppen des &nbsp;Projektmanagement.<\/p>\n\n\n\n<p>Die Version erschien im Oktober 2012.&nbsp;Diese wurde im Juni 2013 in unver\u00e4nderter Form zum &nbsp;Norm-Entwurf DIN ISO 21500:2013\u201306 und&nbsp; im Februar 2016 als&nbsp;<strong>DIN ISO 21500:2016\u201302<\/strong>&nbsp;zur deutsche Norm. Seit Dezember 2020 gibt es eine neue englische Version ISO 21502:2020, die allerdings im deutschsprachigen Raum noch nicht adaptiert wurde.<\/p>\n\n\n\n<p>ISO 21500 gilt als&nbsp;<strong>kleinster gemeinsamer Nenner<\/strong>&nbsp;der bekannten Weltstandards wie PMI, IPMA oder PRINCE2. Die Leitlinie beschreibt damit die wesentlichen, allgemein anerkannten Bestandteile des Projektmanagements in einer \u00e4u\u00dferst komprimierten und verst\u00e4ndlichen Form.<\/p>\n\n\n\n<p>Der Projektmanagement Rahmen besteht in der ersten Dimension aus den&nbsp;<strong>Prozessen<\/strong>:<\/p>\n\n\n\n<ul class=\"wp-block-list\"><li>Initiierung \u2013&nbsp;Planung \u2013&nbsp;Umsetzung \u2013&nbsp;Controlling \u2013&nbsp;Abschluss<\/li><\/ul>\n\n\n\n<p>In der zweiten Dimension werden folgende&nbsp;<strong>Themengruppen<\/strong>&nbsp;betrachtet&nbsp;:<\/p>\n\n\n\n<ul class=\"wp-block-list\"><li>Inhalte,&nbsp;Termine,&nbsp;Kosten,&nbsp;Ressourcen,&nbsp;Stakeholder,&nbsp;Risiken,<br>Qualit\u00e4t,&nbsp;Beschaffung, Kommunikation,&nbsp;Integration<\/li><\/ul>\n\n\n\n<p>In der daraus entstehenden Matrix werden Teilprozesse, Methoden und Tools angesiedelt, die f\u00fcr ein erfolgreiches Projektmanagement notwendig sind.<\/p>\n\n\n\n<p>ISO 21504 : 2015 ist dar\u00fcber hinaus ein Leitlinie f\u00fcr das Projektportfoliomanagement. Hier wird skizziert, wie eine Summe von Projekten auf Unternehmensziele ausgerichtet und zum Erfolg gef\u00fchrt werden k\u00f6nnen.<\/p>\n","protected":false},"excerpt":{"rendered":"<p>Projektmanagement nach ISO&nbsp; und die Plattform ISO21500.de orientiert sich an den \u201eLeitlinien zum Projektmanagement\u201c ISO 21500:2012. Sie beschreiben Begriffe, Grundlagen, Prozesse und Themengruppen des &nbsp;Projektmanagement. Die Version erschien im Oktober 2012.&nbsp;Diese wurde im Juni 2013 in unver\u00e4nderter Form zum &nbsp;Norm-Entwurf DIN ISO 21500:2013\u201306 und&nbsp; im Februar 2016 als&nbsp;DIN ISO 21500:2016\u201302&nbsp;zur deutsche Norm. Seit Dezember 2020&nbsp;[\u2026]<\/p>\n","protected":false},"author":1,"featured_media":387,"parent":0,"menu_order":0,"comment_status":"closed","ping_status":"closed","template":"","meta":{"wp_typography_post_enhancements_disabled":false,"footnotes":""},"class_list":["post-7","page","type-page","status-publish","has-post-thumbnail","hentry"],"yoast_head":"<!-- This site is optimized with the Yoast SEO plugin v26.5 - https:\/\/yoast.com\/wordpress\/plugins\/seo\/ -->\n<title>Projektmanagement nach ISO 21500 - AUDITISO - Home of ISO21500<\/title>\n<meta name=\"robots\" content=\"index, follow, max-snippet:-1, max-image-preview:large, max-video-preview:-1\" \/>\n<link rel=\"canonical\" href=\"https:\/\/auditiso.de\/de\/ueber-iso-21500\/\" \/>\n<meta property=\"og:locale\" content=\"de_DE\" \/>\n<meta property=\"og:type\" content=\"article\" \/>\n<meta property=\"og:title\" content=\"Projektmanagement nach ISO 21500 - AUDITISO - Home of ISO21500\" \/>\n<meta property=\"og:description\" content=\"Projektmanagement nach ISO&nbsp; und die Plattform ISO21500.de orientiert sich an den \u201eLeitlinien zum Projektmanagement\u201c ISO 21500:2012. Sie beschreiben Begriffe, Grundlagen, Prozesse und Themengruppen des &nbsp;Projektmanagement. Die Version erschien im Oktober 2012.&nbsp;Diese wurde im Juni 2013 in unver\u00e4nderter Form zum &nbsp;Norm-Entwurf DIN ISO 21500:2013\u201306 und&nbsp; im Februar 2016 als&nbsp;DIN ISO 21500:2016\u201302&nbsp;zur deutsche Norm. Seit Dezember 2020 [&hellip;]\" \/>\n<meta property=\"og:url\" content=\"https:\/\/auditiso.de\/de\/ueber-iso-21500\/\" \/>\n<meta property=\"og:site_name\" content=\"AUDITISO - Home of ISO21500\" \/>\n<meta property=\"article:modified_time\" content=\"2021-10-23T09:05:36+00:00\" \/>\n<meta property=\"og:image\" content=\"https:\/\/auditiso.de\/wp-content\/uploads\/2021\/10\/Download-_2__1.jpg\" \/>\n\t<meta property=\"og:image:width\" content=\"960\" \/>\n\t<meta property=\"og:image:height\" content=\"720\" \/>\n\t<meta property=\"og:image:type\" content=\"image\/jpeg\" \/>\n<meta name=\"twitter:card\" content=\"summary_large_image\" \/>\n<meta name=\"twitter:label1\" content=\"Gesch\u00e4tzte Lesezeit\" \/>\n\t<meta name=\"twitter:data1\" content=\"1\u00a0Minute\" \/>\n<script type=\"application\/ld+json\" class=\"yoast-schema-graph\">{\"@context\":\"https:\/\/schema.org\",\"@graph\":[{\"@type\":\"WebPage\",\"@id\":\"https:\/\/auditiso.de\/de\/ueber-iso-21500\/\",\"url\":\"https:\/\/auditiso.de\/de\/ueber-iso-21500\/\",\"name\":\"Projektmanagement nach ISO 21500 - AUDITISO - Home of ISO21500\",\"isPartOf\":{\"@id\":\"https:\/\/auditiso.de\/de\/#website\"},\"primaryImageOfPage\":{\"@id\":\"https:\/\/auditiso.de\/de\/ueber-iso-21500\/#primaryimage\"},\"image\":{\"@id\":\"https:\/\/auditiso.de\/de\/ueber-iso-21500\/#primaryimage\"},\"thumbnailUrl\":\"https:\/\/auditiso.de\/wp-content\/uploads\/2021\/10\/Download-_2__1.jpg\",\"datePublished\":\"2021-10-07T18:42:59+00:00\",\"dateModified\":\"2021-10-23T09:05:36+00:00\",\"breadcrumb\":{\"@id\":\"https:\/\/auditiso.de\/de\/ueber-iso-21500\/#breadcrumb\"},\"inLanguage\":\"de\",\"potentialAction\":[{\"@type\":\"ReadAction\",\"target\":[\"https:\/\/auditiso.de\/de\/ueber-iso-21500\/\"]}]},{\"@type\":\"ImageObject\",\"inLanguage\":\"de\",\"@id\":\"https:\/\/auditiso.de\/de\/ueber-iso-21500\/#primaryimage\",\"url\":\"https:\/\/auditiso.de\/wp-content\/uploads\/2021\/10\/Download-_2__1.jpg\",\"contentUrl\":\"https:\/\/auditiso.de\/wp-content\/uploads\/2021\/10\/Download-_2__1.jpg\",\"width\":960,\"height\":720},{\"@type\":\"BreadcrumbList\",\"@id\":\"https:\/\/auditiso.de\/de\/ueber-iso-21500\/#breadcrumb\",\"itemListElement\":[{\"@type\":\"ListItem\",\"position\":1,\"name\":\"Startseite\",\"item\":\"https:\/\/auditiso.de\/de\/\"},{\"@type\":\"ListItem\",\"position\":2,\"name\":\"Projektmanagement nach ISO&nbsp;21500\"}]},{\"@type\":\"WebSite\",\"@id\":\"https:\/\/auditiso.de\/de\/#website\",\"url\":\"https:\/\/auditiso.de\/de\/\",\"name\":\"new.iso21500.de\",\"description\":\"neu: Projektmanagement nach ISO21502\",\"publisher\":{\"@id\":\"https:\/\/auditiso.de\/de\/#\/schema\/person\/d7c7dd9f858427001b0c7db51c0b45ed\"},\"potentialAction\":[{\"@type\":\"SearchAction\",\"target\":{\"@type\":\"EntryPoint\",\"urlTemplate\":\"https:\/\/auditiso.de\/de\/?s={search_term_string}\"},\"query-input\":{\"@type\":\"PropertyValueSpecification\",\"valueRequired\":true,\"valueName\":\"search_term_string\"}}],\"inLanguage\":\"de\"},{\"@type\":[\"Person\",\"Organization\"],\"@id\":\"https:\/\/auditiso.de\/de\/#\/schema\/person\/d7c7dd9f858427001b0c7db51c0b45ed\",\"name\":\"Dennis Hain\",\"image\":{\"@type\":\"ImageObject\",\"inLanguage\":\"de\",\"@id\":\"https:\/\/auditiso.de\/de\/#\/schema\/person\/image\/\",\"url\":\"https:\/\/secure.gravatar.com\/avatar\/89898cfc3cb4dc6d7782fcd955179ebd47446145f4b7827e99ec78603be85eda?s=96&d=mm&r=g\",\"contentUrl\":\"https:\/\/secure.gravatar.com\/avatar\/89898cfc3cb4dc6d7782fcd955179ebd47446145f4b7827e99ec78603be85eda?s=96&d=mm&r=g\",\"caption\":\"Dennis Hain\"},\"logo\":{\"@id\":\"https:\/\/auditiso.de\/de\/#\/schema\/person\/image\/\"},\"sameAs\":[\"https:\/\/www.fusepro.de\"]}]}<\/script>\n<!-- \/ Yoast SEO plugin. -->","yoast_head_json":{"title":"Projektmanagement nach ISO 21500 - AUDITISO - Home of ISO21500","robots":{"index":"index","follow":"follow","max-snippet":"max-snippet:-1","max-image-preview":"max-image-preview:large","max-video-preview":"max-video-preview:-1"},"canonical":"https:\/\/auditiso.de\/de\/ueber-iso-21500\/","og_locale":"de_DE","og_type":"article","og_title":"Projektmanagement nach ISO 21500 - AUDITISO - Home of ISO21500","og_description":"Projektmanagement nach ISO&nbsp; und die Plattform ISO21500.de orientiert sich an den \u201eLeitlinien zum Projektmanagement\u201c ISO 21500:2012. Sie beschreiben Begriffe, Grundlagen, Prozesse und Themengruppen des &nbsp;Projektmanagement. Die Version erschien im Oktober 2012.&nbsp;Diese wurde im Juni 2013 in unver\u00e4nderter Form zum &nbsp;Norm-Entwurf DIN ISO 21500:2013\u201306 und&nbsp; im Februar 2016 als&nbsp;DIN ISO 21500:2016\u201302&nbsp;zur deutsche Norm. Seit Dezember 2020 [&hellip;]","og_url":"https:\/\/auditiso.de\/de\/ueber-iso-21500\/","og_site_name":"AUDITISO - Home of ISO21500","article_modified_time":"2021-10-23T09:05:36+00:00","og_image":[{"width":960,"height":720,"url":"https:\/\/auditiso.de\/wp-content\/uploads\/2021\/10\/Download-_2__1.jpg","type":"image\/jpeg"}],"twitter_card":"summary_large_image","twitter_misc":{"Gesch\u00e4tzte Lesezeit":"1\u00a0Minute"},"schema":{"@context":"https:\/\/schema.org","@graph":[{"@type":"WebPage","@id":"https:\/\/auditiso.de\/de\/ueber-iso-21500\/","url":"https:\/\/auditiso.de\/de\/ueber-iso-21500\/","name":"Projektmanagement nach ISO 21500 - AUDITISO - Home of ISO21500","isPartOf":{"@id":"https:\/\/auditiso.de\/de\/#website"},"primaryImageOfPage":{"@id":"https:\/\/auditiso.de\/de\/ueber-iso-21500\/#primaryimage"},"image":{"@id":"https:\/\/auditiso.de\/de\/ueber-iso-21500\/#primaryimage"},"thumbnailUrl":"https:\/\/auditiso.de\/wp-content\/uploads\/2021\/10\/Download-_2__1.jpg","datePublished":"2021-10-07T18:42:59+00:00","dateModified":"2021-10-23T09:05:36+00:00","breadcrumb":{"@id":"https:\/\/auditiso.de\/de\/ueber-iso-21500\/#breadcrumb"},"inLanguage":"de","potentialAction":[{"@type":"ReadAction","target":["https:\/\/auditiso.de\/de\/ueber-iso-21500\/"]}]},{"@type":"ImageObject","inLanguage":"de","@id":"https:\/\/auditiso.de\/de\/ueber-iso-21500\/#primaryimage","url":"https:\/\/auditiso.de\/wp-content\/uploads\/2021\/10\/Download-_2__1.jpg","contentUrl":"https:\/\/auditiso.de\/wp-content\/uploads\/2021\/10\/Download-_2__1.jpg","width":960,"height":720},{"@type":"BreadcrumbList","@id":"https:\/\/auditiso.de\/de\/ueber-iso-21500\/#breadcrumb","itemListElement":[{"@type":"ListItem","position":1,"name":"Startseite","item":"https:\/\/auditiso.de\/de\/"},{"@type":"ListItem","position":2,"name":"Projektmanagement nach ISO&nbsp;21500"}]},{"@type":"WebSite","@id":"https:\/\/auditiso.de\/de\/#website","url":"https:\/\/auditiso.de\/de\/","name":"new.iso21500.de","description":"neu: Projektmanagement nach ISO21502","publisher":{"@id":"https:\/\/auditiso.de\/de\/#\/schema\/person\/d7c7dd9f858427001b0c7db51c0b45ed"},"potentialAction":[{"@type":"SearchAction","target":{"@type":"EntryPoint","urlTemplate":"https:\/\/auditiso.de\/de\/?s={search_term_string}"},"query-input":{"@type":"PropertyValueSpecification","valueRequired":true,"valueName":"search_term_string"}}],"inLanguage":"de"},{"@type":["Person","Organization"],"@id":"https:\/\/auditiso.de\/de\/#\/schema\/person\/d7c7dd9f858427001b0c7db51c0b45ed","name":"Dennis Hain","image":{"@type":"ImageObject","inLanguage":"de","@id":"https:\/\/auditiso.de\/de\/#\/schema\/person\/image\/","url":"https:\/\/secure.gravatar.com\/avatar\/89898cfc3cb4dc6d7782fcd955179ebd47446145f4b7827e99ec78603be85eda?s=96&d=mm&r=g","contentUrl":"https:\/\/secure.gravatar.com\/avatar\/89898cfc3cb4dc6d7782fcd955179ebd47446145f4b7827e99ec78603be85eda?s=96&d=mm&r=g","caption":"Dennis Hain"},"logo":{"@id":"https:\/\/auditiso.de\/de\/#\/schema\/person\/image\/"},"sameAs":["https:\/\/www.fusepro.de"]}]}},"_links":{"self":[{"href":"https:\/\/auditiso.de\/de\/wp-json\/wp\/v2\/pages\/7","targetHints":{"allow":["GET"]}}],"collection":[{"href":"https:\/\/auditiso.de\/de\/wp-json\/wp\/v2\/pages"}],"about":[{"href":"https:\/\/auditiso.de\/de\/wp-json\/wp\/v2\/types\/page"}],"author":[{"embeddable":true,"href":"https:\/\/auditiso.de\/de\/wp-json\/wp\/v2\/users\/1"}],"replies":[{"embeddable":true,"href":"https:\/\/auditiso.de\/de\/wp-json\/wp\/v2\/comments?post=7"}],"version-history":[{"count":2,"href":"https:\/\/auditiso.de\/de\/wp-json\/wp\/v2\/pages\/7\/revisions"}],"predecessor-version":[{"id":527,"href":"https:\/\/auditiso.de\/de\/wp-json\/wp\/v2\/pages\/7\/revisions\/527"}],"wp:featuredmedia":[{"embeddable":true,"href":"https:\/\/auditiso.de\/de\/wp-json\/wp\/v2\/media\/387"}],"wp:attachment":[{"href":"https:\/\/auditiso.de\/de\/wp-json\/wp\/v2\/media?parent=7"}],"curies":[{"name":"wp","href":"https:\/\/api.w.org\/{rel}","templated":true}]}}