{"id":924,"date":"2022-07-11T10:41:56","date_gmt":"2022-07-11T08:41:56","guid":{"rendered":"https:\/\/auditiso.de\/?page_id=924"},"modified":"2022-08-07T12:13:43","modified_gmt":"2022-08-07T10:13:43","slug":"haufige-fragen-zum-projektmanagement-nach-iso21500-faq","status":"publish","type":"page","link":"https:\/\/auditiso.de\/de\/haufige-fragen-zum-projektmanagement-nach-iso21500-faq\/","title":{"rendered":"H\u00e4ufige Fragen zum Projektmanagement (FAQ)"},"content":{"rendered":"\n<h2 class=\"wp-block-heading\">Warum hybrides Projektmanagement?<\/h2>\n\n\n\n<p>Klassisches und agiles Projektmanagement setzen sich jeweils aus Methoden, Verfahren und Modulen zusammen. Diese k\u00f6nnen in der Praxis in verschiedensten Weisen kombiniert werden, um zu einer bestm\u00f6glichen Vorgehensweise im konkreten Projekt zu gelangen. Bei dieser Mischung aus klassischem und agilem Projektmanagement spricht man gerne von hybridem Projektmanagement. Die Projektmanagement Leitlinien der ISO-Normen gelten \u00fcbergreifend, also auch f\u00fcr das hybride Projektmanagement.<\/p>\n\n\n\n<h2 class=\"wp-block-heading\">Warum Projektmanager werden?<\/h2>\n\n\n\n<p>Die Arbeit in Projekten macht mittlerweile ca. 50 % der Arbeitszeit \u00fcber alle Branchen hinweg aus. Damit ist das Managen von Projekten ein ganz zentraler Punkt in der Arbeitswelt geworden. Im Projektmanagement geht es neben dem inhaltlichen branchenspezifischen Knowhow um verschiedenste Kompetenzen \u2014 siehe die Themengruppen bzw. Praktiken, wie sie in ISO 21500 beschrieben sind. Damit ist bei entsprechendem generalistischem Wissen ein Projektmanager vielseitig einsetzbar.<\/p>\n\n\n\n<h2 class=\"wp-block-heading\">Warum Projektmanagement Zertifizierung?<\/h2>\n\n\n\n<p>Eine Projektmanagement Zertifizierung ist ein Kompetenznachweis, dass man mit den wesentlichen Themen des Projektmanagements vertraut und geschult ist. Die Themengruppen bzw. Praktiken der ISO21500 bzw. ISO 2502 beschreiben hierbei die notwendigen Inhalte und Struktur. Da sich die Projektmanagement Leitlinien nach ISO als gemeinsamer Nenner aller Projektmanagement Methoden verstehen, ist eine Zertifizierung nach ISO die beste, sicherste und wohl auch kosteng\u00fcnstigste Zertifizierung, die man als Person oder Unternehmen zum Projektmanagement anstreben sollte. Eine Projektmanagement Zertifizierung kann man bei einer Bewerbung, internen Stellenbesetzung, Projektteamzusammenstellung oder als Unternehmen im Wettbewerb bestens nutzen.<\/p>\n\n\n\n<h2 class=\"wp-block-heading\">Welche Projektmanagement Methoden gibt&nbsp;es?<\/h2>\n\n\n\n<p>Projekte sind \u00e4u\u00dferst vielf\u00e4ltig und unterschiedlich. Daher gibt es auch eine Unmenge von verschiedenen Projektmanagement Methoden. Sie lassen sich in klassische und agile Methoden aufteilen. Kombinationen werden gerne als hybrid bezeichnet. Klassische Methoden sind stark planungsgetrieben. Sie teilen Projekte in Phasen auf, die sequentiell ablaufen (nach dem Wasserfall Modell).&nbsp; Agile Methoden werden vor allem dort genutzt, wo noch vieles unklar und daher schwer planbar ist. Hier versucht man m\u00f6glichst schnell (in Sprints) zu ersten Ergebnissen zu kommen, die dann inkrementell ausgebaut werden.&nbsp; Bei Projektmanagement Standards und Methoden werden Namen wie IPMA, PMI, Prince2, Scrum, Kanban, V\u2011Modell, usw. genannt. Die ISO Norm 21500 bildet den gemeinsamen Nenner. Sie ist auf wenigen Seiten dargestellt, klar strukturiert, allumfassend und praxisgerecht.&nbsp;<\/p>\n\n\n\n<h2 class=\"wp-block-heading\">Welche Projektmanagement Zertifizierung ist die&nbsp;beste?<\/h2>\n\n\n\n<p>Eine Projektmanagement Zertifizierung ist ein Kompetenznachweis, dass man Projekte erfolgreich f\u00fchren kann. Dabei sind Kenntnisse in den wesentlichen Themen des Projektmanagements notwendig. Jede Projektmethode und Vorgehensweise hat eigene Schwerpunkte, Hintergr\u00fcnde und Vorlieben. F\u00fcr eine Zertifizierung in einer speziellen Methodik ist oft viel Theorie zu lernen und Praxis nachzuweisen. Da sich die Projektmanagement Leitlinien nach ISO als gemeinsamer Nenner aller Projektmanagement Methoden verstehen, ist eine Zertifizierung nach ISO die beste, sicherste und wohl auch kosteng\u00fcnstigste Zertifizierung, die man als Person oder Unternehmen zum Projektmanagement erhalten kann. Hier wird Projektmanagement nach dem Motto \u201eSo viel wie n\u00f6tig, so wenig wie m\u00f6glich\u201c betrieben. Auch die Zertifizierungen sind entsprechend konzipiert.<\/p>\n\n\n\n<h2 class=\"wp-block-heading\">Was geh\u00f6rt zum Projektmanagement?<\/h2>\n\n\n\n<p>Das Arbeits- und Gestaltungsfeld des Projektmanagements wird am Besten durch die Prozess-Themen-Matrix der ISO21500 beschrieben. Folgende 5 Prozessgruppen sind darin enthalten: Initiierung, Planung, Durchf\u00fchrung, Controlling und Abschluss. Als zweite Gliederung werden 10 Themengruppen aufgef\u00fchrt: Inhalt, Termine, Kosten, Ressourcen, Stakeholder, Kommunikation, Qualit\u00e4t, Risiko, Beschaffung und Integration. All dies gilt es zu managen.<\/p>\n\n\n\n<h2 class=\"wp-block-heading\">Welche ISO Normen gibt es zum Projektmanagement?<\/h2>\n\n\n\n<p>Die Projektmanagement Leitlinien DIN ISO 21500:2016 beschreiben auf ca. 45 Seiten das Projektmanagement mit seinen wesentlichen Begriffen, Konzepten, Prozessen und Wissensgebieten. Weitere Normen ISO 210x  beschreiben Programme, Portfolios, Governance etc. Aktuell gibt es f\u00fcr das Projektmanagement eine \u00fcberarbeitete Version ISO 21502:2020, die allerdings in Deutschland von der DIN noch nicht \u00fcbernommen wurde.<\/p>\n\n\n\n<h2 class=\"wp-block-heading\">Welche allgemeing\u00fcltigen Projektmanagement Standards gibt&nbsp;es?<\/h2>\n\n\n\n<p>Die ISO Norm 21500 und die zugeh\u00f6rigen Normen 2150x verstehen sich als gemeinsamer Nenner aller Projektmanagement Standards. Sie beinhaltet die wesentlichen Begriffe, Konzepte, Prozesse und Wissensthemen. Mit einem Umfang von weniger als 50 Seiten ist sie klar strukturiert, kurz gehalten, \u00fcbersichtlich und praxisgerecht.&nbsp;<\/p>\n\n\n\n<h2 class=\"wp-block-heading\">Sind die Leitlinien ISO 21500 ausreichend f\u00fcr ein erfolgreiches Projektmanagement?<\/h2>\n\n\n\n<p>Die Leitlinien ISO 21500 beinhalten die wesentlichen Projektmanagement Prozesse und Wissensgebiete, mit denen Projekte erfolgreich durchzuf\u00fchren sind. Nach dem Motto \u201cso viel PM wie n\u00f6tig, so wenig wie m\u00f6glich\u201d sind sie als Grundlage und Wegweiser bestens geeignet, das Projektmanagement und damit die Projekte selbst erfolgreich zu gestalten.&nbsp;<\/p>\n\n\n\n<p><\/p>\n\n\n\n<h2 class=\"wp-block-heading\">Was beinhaltet die neueste ISO Norm zum Projektmanagement?<\/h2>\n\n\n\n<p>Die neue ISO 21502:2020 f\u00fchrt neben den Fachbegriffen und Grundkonzepten insgesamt 17 Praktiken auf, die f\u00fcr das Projektmanagement notwendig sind. Diese sind Planung und Controlling, Nutzen, Inhalt, Ressourcen, Zeit, Kosten, Risiken, Probleme, Ver\u00e4nderungen, Qualit\u00e4t, Stakeholder, Kommunikation, Reports, Informationen, Beschaffung, Lessons Learned, Organisation sowie die Integration der Projekte in Unternehmen.<\/p>\n","protected":false},"excerpt":{"rendered":"<p>Warum hybrides Projektmanagement? Klassisches und agiles Projektmanagement setzen sich jeweils aus Methoden, Verfahren und Modulen zusammen. Diese k\u00f6nnen in der Praxis in verschiedensten Weisen kombiniert werden, um zu einer bestm\u00f6glichen Vorgehensweise im konkreten Projekt zu gelangen. Bei dieser Mischung aus klassischem und agilem Projektmanagement spricht man gerne von hybridem Projektmanagement. Die Projektmanagement Leitlinien der ISO-Normen&nbsp;[\u2026]<\/p>\n","protected":false},"author":1,"featured_media":0,"parent":0,"menu_order":0,"comment_status":"closed","ping_status":"closed","template":"","meta":{"wp_typography_post_enhancements_disabled":false,"footnotes":""},"class_list":["post-924","page","type-page","status-publish","hentry"],"yoast_head":"<!-- This site is optimized with the Yoast SEO plugin v26.5 - https:\/\/yoast.com\/wordpress\/plugins\/seo\/ -->\n<title>H\u00e4ufige Fragen zum Projektmanagement (FAQ) - AUDITISO - Home of ISO21500<\/title>\n<meta name=\"robots\" content=\"index, follow, max-snippet:-1, max-image-preview:large, max-video-preview:-1\" \/>\n<link rel=\"canonical\" href=\"https:\/\/auditiso.de\/de\/haufige-fragen-zum-projektmanagement-nach-iso21500-faq\/\" \/>\n<meta property=\"og:locale\" content=\"de_DE\" \/>\n<meta property=\"og:type\" content=\"article\" \/>\n<meta property=\"og:title\" content=\"H\u00e4ufige Fragen zum Projektmanagement (FAQ) - AUDITISO - Home of ISO21500\" \/>\n<meta property=\"og:description\" content=\"Warum hybrides Projektmanagement? Klassisches und agiles Projektmanagement setzen sich jeweils aus Methoden, Verfahren und Modulen zusammen. Diese k\u00f6nnen in der Praxis in verschiedensten Weisen kombiniert werden, um zu einer bestm\u00f6glichen Vorgehensweise im konkreten Projekt zu gelangen. Bei dieser Mischung aus klassischem und agilem Projektmanagement spricht man gerne von hybridem Projektmanagement. Die Projektmanagement Leitlinien der ISO-Normen [&hellip;]\" \/>\n<meta property=\"og:url\" content=\"https:\/\/auditiso.de\/de\/haufige-fragen-zum-projektmanagement-nach-iso21500-faq\/\" \/>\n<meta property=\"og:site_name\" content=\"AUDITISO - Home of ISO21500\" \/>\n<meta property=\"article:modified_time\" content=\"2022-08-07T10:13:43+00:00\" \/>\n<meta name=\"twitter:card\" content=\"summary_large_image\" \/>\n<meta name=\"twitter:label1\" content=\"Gesch\u00e4tzte Lesezeit\" \/>\n\t<meta name=\"twitter:data1\" content=\"5\u00a0Minuten\" \/>\n<script type=\"application\/ld+json\" class=\"yoast-schema-graph\">{\"@context\":\"https:\/\/schema.org\",\"@graph\":[{\"@type\":\"WebPage\",\"@id\":\"https:\/\/auditiso.de\/de\/haufige-fragen-zum-projektmanagement-nach-iso21500-faq\/\",\"url\":\"https:\/\/auditiso.de\/de\/haufige-fragen-zum-projektmanagement-nach-iso21500-faq\/\",\"name\":\"H\u00e4ufige Fragen zum Projektmanagement (FAQ) - AUDITISO - Home of ISO21500\",\"isPartOf\":{\"@id\":\"https:\/\/auditiso.de\/de\/#website\"},\"datePublished\":\"2022-07-11T08:41:56+00:00\",\"dateModified\":\"2022-08-07T10:13:43+00:00\",\"breadcrumb\":{\"@id\":\"https:\/\/auditiso.de\/de\/haufige-fragen-zum-projektmanagement-nach-iso21500-faq\/#breadcrumb\"},\"inLanguage\":\"de\",\"potentialAction\":[{\"@type\":\"ReadAction\",\"target\":[\"https:\/\/auditiso.de\/de\/haufige-fragen-zum-projektmanagement-nach-iso21500-faq\/\"]}]},{\"@type\":\"BreadcrumbList\",\"@id\":\"https:\/\/auditiso.de\/de\/haufige-fragen-zum-projektmanagement-nach-iso21500-faq\/#breadcrumb\",\"itemListElement\":[{\"@type\":\"ListItem\",\"position\":1,\"name\":\"Startseite\",\"item\":\"https:\/\/auditiso.de\/de\/\"},{\"@type\":\"ListItem\",\"position\":2,\"name\":\"H\u00e4ufige Fragen zum Projektmanagement (FAQ)\"}]},{\"@type\":\"WebSite\",\"@id\":\"https:\/\/auditiso.de\/de\/#website\",\"url\":\"https:\/\/auditiso.de\/de\/\",\"name\":\"new.iso21500.de\",\"description\":\"neu: Projektmanagement nach ISO21502\",\"publisher\":{\"@id\":\"https:\/\/auditiso.de\/de\/#\/schema\/person\/d7c7dd9f858427001b0c7db51c0b45ed\"},\"potentialAction\":[{\"@type\":\"SearchAction\",\"target\":{\"@type\":\"EntryPoint\",\"urlTemplate\":\"https:\/\/auditiso.de\/de\/?s={search_term_string}\"},\"query-input\":{\"@type\":\"PropertyValueSpecification\",\"valueRequired\":true,\"valueName\":\"search_term_string\"}}],\"inLanguage\":\"de\"},{\"@type\":[\"Person\",\"Organization\"],\"@id\":\"https:\/\/auditiso.de\/de\/#\/schema\/person\/d7c7dd9f858427001b0c7db51c0b45ed\",\"name\":\"Dennis Hain\",\"image\":{\"@type\":\"ImageObject\",\"inLanguage\":\"de\",\"@id\":\"https:\/\/auditiso.de\/de\/#\/schema\/person\/image\/\",\"url\":\"https:\/\/secure.gravatar.com\/avatar\/89898cfc3cb4dc6d7782fcd955179ebd47446145f4b7827e99ec78603be85eda?s=96&d=mm&r=g\",\"contentUrl\":\"https:\/\/secure.gravatar.com\/avatar\/89898cfc3cb4dc6d7782fcd955179ebd47446145f4b7827e99ec78603be85eda?s=96&d=mm&r=g\",\"caption\":\"Dennis Hain\"},\"logo\":{\"@id\":\"https:\/\/auditiso.de\/de\/#\/schema\/person\/image\/\"},\"sameAs\":[\"https:\/\/www.fusepro.de\"]}]}<\/script>\n<!-- \/ Yoast SEO plugin. -->","yoast_head_json":{"title":"H\u00e4ufige Fragen zum Projektmanagement (FAQ) - AUDITISO - Home of ISO21500","robots":{"index":"index","follow":"follow","max-snippet":"max-snippet:-1","max-image-preview":"max-image-preview:large","max-video-preview":"max-video-preview:-1"},"canonical":"https:\/\/auditiso.de\/de\/haufige-fragen-zum-projektmanagement-nach-iso21500-faq\/","og_locale":"de_DE","og_type":"article","og_title":"H\u00e4ufige Fragen zum Projektmanagement (FAQ) - AUDITISO - Home of ISO21500","og_description":"Warum hybrides Projektmanagement? Klassisches und agiles Projektmanagement setzen sich jeweils aus Methoden, Verfahren und Modulen zusammen. Diese k\u00f6nnen in der Praxis in verschiedensten Weisen kombiniert werden, um zu einer bestm\u00f6glichen Vorgehensweise im konkreten Projekt zu gelangen. Bei dieser Mischung aus klassischem und agilem Projektmanagement spricht man gerne von hybridem Projektmanagement. Die Projektmanagement Leitlinien der ISO-Normen [&hellip;]","og_url":"https:\/\/auditiso.de\/de\/haufige-fragen-zum-projektmanagement-nach-iso21500-faq\/","og_site_name":"AUDITISO - Home of ISO21500","article_modified_time":"2022-08-07T10:13:43+00:00","twitter_card":"summary_large_image","twitter_misc":{"Gesch\u00e4tzte Lesezeit":"5\u00a0Minuten"},"schema":{"@context":"https:\/\/schema.org","@graph":[{"@type":"WebPage","@id":"https:\/\/auditiso.de\/de\/haufige-fragen-zum-projektmanagement-nach-iso21500-faq\/","url":"https:\/\/auditiso.de\/de\/haufige-fragen-zum-projektmanagement-nach-iso21500-faq\/","name":"H\u00e4ufige Fragen zum Projektmanagement (FAQ) - AUDITISO - Home of ISO21500","isPartOf":{"@id":"https:\/\/auditiso.de\/de\/#website"},"datePublished":"2022-07-11T08:41:56+00:00","dateModified":"2022-08-07T10:13:43+00:00","breadcrumb":{"@id":"https:\/\/auditiso.de\/de\/haufige-fragen-zum-projektmanagement-nach-iso21500-faq\/#breadcrumb"},"inLanguage":"de","potentialAction":[{"@type":"ReadAction","target":["https:\/\/auditiso.de\/de\/haufige-fragen-zum-projektmanagement-nach-iso21500-faq\/"]}]},{"@type":"BreadcrumbList","@id":"https:\/\/auditiso.de\/de\/haufige-fragen-zum-projektmanagement-nach-iso21500-faq\/#breadcrumb","itemListElement":[{"@type":"ListItem","position":1,"name":"Startseite","item":"https:\/\/auditiso.de\/de\/"},{"@type":"ListItem","position":2,"name":"H\u00e4ufige Fragen zum Projektmanagement (FAQ)"}]},{"@type":"WebSite","@id":"https:\/\/auditiso.de\/de\/#website","url":"https:\/\/auditiso.de\/de\/","name":"new.iso21500.de","description":"neu: Projektmanagement nach ISO21502","publisher":{"@id":"https:\/\/auditiso.de\/de\/#\/schema\/person\/d7c7dd9f858427001b0c7db51c0b45ed"},"potentialAction":[{"@type":"SearchAction","target":{"@type":"EntryPoint","urlTemplate":"https:\/\/auditiso.de\/de\/?s={search_term_string}"},"query-input":{"@type":"PropertyValueSpecification","valueRequired":true,"valueName":"search_term_string"}}],"inLanguage":"de"},{"@type":["Person","Organization"],"@id":"https:\/\/auditiso.de\/de\/#\/schema\/person\/d7c7dd9f858427001b0c7db51c0b45ed","name":"Dennis Hain","image":{"@type":"ImageObject","inLanguage":"de","@id":"https:\/\/auditiso.de\/de\/#\/schema\/person\/image\/","url":"https:\/\/secure.gravatar.com\/avatar\/89898cfc3cb4dc6d7782fcd955179ebd47446145f4b7827e99ec78603be85eda?s=96&d=mm&r=g","contentUrl":"https:\/\/secure.gravatar.com\/avatar\/89898cfc3cb4dc6d7782fcd955179ebd47446145f4b7827e99ec78603be85eda?s=96&d=mm&r=g","caption":"Dennis Hain"},"logo":{"@id":"https:\/\/auditiso.de\/de\/#\/schema\/person\/image\/"},"sameAs":["https:\/\/www.fusepro.de"]}]}},"_links":{"self":[{"href":"https:\/\/auditiso.de\/de\/wp-json\/wp\/v2\/pages\/924","targetHints":{"allow":["GET"]}}],"collection":[{"href":"https:\/\/auditiso.de\/de\/wp-json\/wp\/v2\/pages"}],"about":[{"href":"https:\/\/auditiso.de\/de\/wp-json\/wp\/v2\/types\/page"}],"author":[{"embeddable":true,"href":"https:\/\/auditiso.de\/de\/wp-json\/wp\/v2\/users\/1"}],"replies":[{"embeddable":true,"href":"https:\/\/auditiso.de\/de\/wp-json\/wp\/v2\/comments?post=924"}],"version-history":[{"count":5,"href":"https:\/\/auditiso.de\/de\/wp-json\/wp\/v2\/pages\/924\/revisions"}],"predecessor-version":[{"id":1027,"href":"https:\/\/auditiso.de\/de\/wp-json\/wp\/v2\/pages\/924\/revisions\/1027"}],"wp:attachment":[{"href":"https:\/\/auditiso.de\/de\/wp-json\/wp\/v2\/media?parent=924"}],"curies":[{"name":"wp","href":"https:\/\/api.w.org\/{rel}","templated":true}]}}